{"id":12,"date":"2014-08-17T21:31:17","date_gmt":"2014-08-17T19:31:17","guid":{"rendered":"http:\/\/polynushka.de\/?page_id=12"},"modified":"2023-01-10T15:00:11","modified_gmt":"2023-01-10T13:00:11","slug":"ueber-uns","status":"publish","type":"page","link":"http:\/\/polynushka.de\/de\/ueber-uns\/","title":{"rendered":"\u00dcber uns"},"content":{"rendered":"<p>\u201ePol\u00fdnushka\u201c, im Juli 2004 in Berlin gegr\u00fcndet, ist das erste Vokalensemble f\u00fcr authentische russische und ukrainische Folklore in Deutschland. Wir S\u00e4nger*innen sind in verschiedenen L\u00e4ndern geboren (Russland, Ukraine, Bulgarien, Polen, Moldawien und Litauen) und jede*r von uns besch\u00e4ftigt sich intensiv mit den osteurop\u00e4ischen Musiktraditionen. Wir gr\u00fcndeten das Ensemble mit dem Anliegen, dem Verschwinden dieser einzigartigen vokalen Vokaltradition entgegenzuwirken. Darum versuchen wir mit diesen Ges\u00e4ngen, soweit es uns im urbanen Kontext m\u00f6glich ist, weiter zu leben, sie anzupassen und einem breiten Publikum zu pr\u00e4sentieren, um die Sch\u00f6nheit und die Tiefe des Dorfgesangs mit Anderen zu teilen.<\/p>\n<p>Heute sind es nur noch Babuschki, die diese Lieder noch kennen und im Alltag singen. Deshalb h\u00f6rt man auf den meisten Archiv- und Feldaufnahmen alte Stimmen, deren Sch\u00f6nheit, St\u00e4rke und Beweglichkeit sich nur noch erahnen l\u00e4sst. Aber zu den Bl\u00fctezeiten dieser Musik haben alle, auch die jungen Menschen diese Lieder gesungen. So konnten sich die Stimmen in ihrer vollen Kraft beim Singen entfalteten und alles um sich herum zum Klingen bringen.<\/p>\n<p>Viele Folkloreensembles ahmen mit ihren Stimmen die Babuschki nach. Wir dagegen benutzen die Technik und den Dialekt der Babuschki, aber jede*r von uns beh\u00e4lt sein eigenes Timbre bei. Deshalb klingen wir wie ein Ensemble der Gegenwart und erzeugen immer wieder diese Situationen, die man auch vor hundert Jahren im Dorf erlebte.<\/p>\n<p>Wir tragen wundersch\u00f6ne Trachten aus verschiedenen Regionen, einige sind alt und einige liebevoll und detailgetreu nach Originalmustern gen\u00e4ht. Wir bringen die Vielfalt slawischer Traditionen auf die B\u00fchne, um unseren H\u00f6rerinnen und H\u00f6rern ein buntes Bild zu zeigen und ihnen unbekannte Seiten dieses \u201eKontinents\u201c durch Musik zu er\u00f6ffnen. Ensemble Polynushka hat transnationale Bedeutung und unsere authentischen Ges\u00e4nge haben Symbolkraft, weil sie f\u00fcr Frieden, Diversit\u00e4t und Dialog stehen. Wir m\u00f6chten aus der Geschichte lernen und aus den Traditionen Energie sch\u00f6pfen \u2013 f\u00fcr eine Zukunft \u2013, f\u00fcr die wir uns nicht sch\u00e4men m\u00fcssen.\u00a0<\/p>\n<p><a href=\"https:\/\/polynushka.de\/wp-content\/uploads\/2022\/10\/schweriner-schloessernacht-2014-619x412-1.jpg\"><img decoding=\"async\" loading=\"lazy\" src=\"https:\/\/polynushka.de\/wp-content\/uploads\/2022\/10\/schweriner-schloessernacht-2014-619x412-1.jpg\" alt=\"\" width=\"619\" height=\"412\" \/><\/a><\/p>\n<p>Hier finden Sie <a title=\"S\u00e4nger\" href=\"https:\/\/polynushka.de\/?page_id=13\">weitere Informationen zu unseren S\u00e4ngern<\/a>\/<a href=\"https:\/\/polynushka.de\/?page_id=13\">Mitgliedern<\/a><\/p>\n","protected":false},"excerpt":{"rendered":"<p>\u201ePol\u00fdnushka\u201c, im Juli 2004 in Berlin gegr\u00fcndet, ist das erste Vokalensemble f\u00fcr authentische russische und ukrainische Folklore in Deutschland. Wir S\u00e4nger*innen sind in verschiedenen L\u00e4ndern geboren (Russland, Ukraine, Bulgarien, Polen, Moldawien und Litauen) und jede*r von uns besch\u00e4ftigt sich intensiv mit den osteurop\u00e4ischen Musiktraditionen. Wir gr\u00fcndeten das Ensemble mit dem Anliegen, dem Verschwinden dieser einzigartigen [&hellip;]<\/p>\n","protected":false},"author":2,"featured_media":0,"parent":0,"menu_order":6,"comment_status":"closed","ping_status":"closed","template":"","meta":[],"_links":{"self":[{"href":"http:\/\/polynushka.de\/de\/wp-json\/wp\/v2\/pages\/12"}],"collection":[{"href":"http:\/\/polynushka.de\/de\/wp-json\/wp\/v2\/pages"}],"about":[{"href":"http:\/\/polynushka.de\/de\/wp-json\/wp\/v2\/types\/page"}],"author":[{"embeddable":true,"href":"http:\/\/polynushka.de\/de\/wp-json\/wp\/v2\/users\/2"}],"replies":[{"embeddable":true,"href":"http:\/\/polynushka.de\/de\/wp-json\/wp\/v2\/comments?post=12"}],"version-history":[{"count":39,"href":"http:\/\/polynushka.de\/de\/wp-json\/wp\/v2\/pages\/12\/revisions"}],"predecessor-version":[{"id":3308,"href":"http:\/\/polynushka.de\/de\/wp-json\/wp\/v2\/pages\/12\/revisions\/3308"}],"wp:attachment":[{"href":"http:\/\/polynushka.de\/de\/wp-json\/wp\/v2\/media?parent=12"}],"curies":[{"name":"wp","href":"https:\/\/api.w.org\/{rel}","templated":true}]}}