{"id":13,"date":"2014-08-17T21:38:05","date_gmt":"2014-08-17T19:38:05","guid":{"rendered":"http:\/\/polynushka.de\/?page_id=13"},"modified":"2023-05-16T12:15:25","modified_gmt":"2023-05-16T10:15:25","slug":"saenger","status":"publish","type":"page","link":"http:\/\/polynushka.de\/de\/saenger\/","title":{"rendered":"S\u00e4nger"},"content":{"rendered":"<ul>\n<li><a href=\"#p_proutskova\"><span style=\"font-family: georgia, palatino, serif;\">Polina Proutskova<\/span><\/a><\/li>\n<li><span style=\"font-family: georgia, palatino, serif;\"><a href=\"#d_popova\">Deniza Popova<\/a><\/span><\/li>\n<li><span style=\"font-family: georgia, palatino, serif;\"><a href=\"#d_labinska\">Dina Labinska<\/a><\/span><\/li>\n<li><span style=\"font-family: georgia, palatino, serif;\"><a href=\"#v_massold\">Veronika Massold<\/a><\/span><\/li>\n<li><span style=\"font-family: georgia, palatino, serif;\"><a href=\"#d_Benert\">Darja Benert<\/a><\/span><\/li>\n<li><span style=\"font-family: georgia, palatino, serif;\"><a href=\"#a_paszkiewicz\">Ania Paszkiewicz<\/a><\/span><\/li>\n<li><span style=\"font-family: georgia, palatino, serif;\"><a href=\"#e_rudi\">Elisabeth Rudi<\/a><\/span><\/li>\n<li><span style=\"font-family: georgia, palatino, serif;\"><a href=\"#i_pletner\">Ilja Pletner<\/a><\/span><\/li>\n<li><span style=\"font-family: georgia, palatino, serif;\"><a href=\"#s_grecov\">Stepan Grecov<\/a><\/span><\/li>\n<li><span style=\"font-family: georgia, palatino, serif;\"><a href=\"#T_Samokhvalova\">Tatiana Samokhvalova<\/a><\/span><\/li>\n<li><span style=\"font-family: georgia, palatino, serif;\"><a href=\"https:\/\/polynushka.de\/saenger\/\">Yulia Smirnova<\/a><\/span><\/li>\n<li><span style=\"font-family: georgia, palatino, serif;\"><a href=\"#l_kirjackaja\">Lidija Kirjackaja<\/a><\/span><\/li>\n<li><a href=\"https:\/\/polynushka.de\/saenger\/\">Liudmila Chalykh<\/a><\/li>\n<\/ul>\n<h3 id=\"p_proutskova\"><span style=\"font-family: georgia, palatino, serif;\"><strong><a href=\"#p_proutskova\">Polina Proutskova<\/a><\/strong><\/span><\/h3>\n<p><span style=\"font-family: georgia, palatino, serif;\"><a href=\"http:\/\/polynushka.de\/wp-content\/uploads\/2022\/10\/polina.jpg\"><img decoding=\"async\" loading=\"lazy\" class=\"alignleft\" src=\"http:\/\/polynushka.de\/wp-content\/uploads\/2022\/10\/polina-200x300.jpg\" alt=\"\" width=\"200\" height=\"300\" \/><\/a>Als Musikethnologin und S\u00e4ngerin erforscht Polina Proutskova die russische und ukrainische traditionelle Polyphonie und leitet Gesangsensembles in Berlin und London. Als Informatikerin untersucht sie die Gesangsstimmen in verschiedenen Kulturen und deren automatisierte Analyse. Sie leitet ein internationales Forschungsforum zu Gesang und K\u00fcnstlicher Intelligenz und gestaltet als Forschungsingenieurin die Zukunft audiovisueller Medien bei der BBC.<\/span><\/p>\n<p>&nbsp;<\/p>\n<p>&nbsp;<\/p>\n<p>&nbsp;<\/p>\n<p>&nbsp;<\/p>\n<h3><span style=\"font-family: georgia, palatino, serif;\"><strong><a href=\"#d_popova\">Deniza Popova<\/a><\/strong><\/span><\/h3>\n<p style=\"text-align: left;\"><span style=\"font-family: georgia, palatino, serif;\"><a href=\"https:\/\/polynushka.de\/wp-content\/uploads\/2023\/05\/20170925-060_Polynushka.jpg\"><img decoding=\"async\" loading=\"lazy\" class=\"alignleft wp-image-3417 \" src=\"https:\/\/polynushka.de\/wp-content\/uploads\/2023\/05\/20170925-060_Polynushka.jpg\" alt=\"\" width=\"233\" height=\"349\" srcset=\"https:\/\/polynushka.de\/wp-content\/uploads\/2023\/05\/20170925-060_Polynushka.jpg 1335w, https:\/\/polynushka.de\/wp-content\/uploads\/2023\/05\/20170925-060_Polynushka-200x300.jpg 200w, https:\/\/polynushka.de\/wp-content\/uploads\/2023\/05\/20170925-060_Polynushka-684x1024.jpg 684w, https:\/\/polynushka.de\/wp-content\/uploads\/2023\/05\/20170925-060_Polynushka-768x1151.jpg 768w, https:\/\/polynushka.de\/wp-content\/uploads\/2023\/05\/20170925-060_Polynushka-1025x1536.jpg 1025w, https:\/\/polynushka.de\/wp-content\/uploads\/2023\/05\/20170925-060_Polynushka-8x12.jpg 8w, https:\/\/polynushka.de\/wp-content\/uploads\/2023\/05\/20170925-060_Polynushka-619x927.jpg 619w\" sizes=\"(max-width: 233px) 100vw, 233px\" \/><\/a>Deniza Popova singt, was\u00a0 sie\u00a0 erforscht! In Berlin studierte sie Gesang, Musikwissenschaft, Musikethnologie und Bulgaristik und promovierte\u00a0 \u00fcber \u201eAuthentizit\u00e4t, Medialit\u00e4t und Identit\u00e4t authentischer bulgarischer\u00a0 Musiken\u201c. Die alten Musiktraditionen praktiziert sie beim Gottesdienst in der bulgarischen Kirche, seit 2004 mit dem traditionellen Ensemble Polynushka und seit 2013 mit dem avantgardistischen Ensemble Extrakte f\u00fcr sch\u00f6pferische Musikforschung. Sie engagiert sich f\u00fcr die sozialen Kontexte und l\u00e4sst neue musikalische Ereignisse entstehen. In Kombination aus wissenschaftlicher und k\u00fcnstlerischer Arbeit unterrichtet Deniza an Universit\u00e4ten, Hochschulen und breitenwirksam in der Musikp\u00e4dagogik in Deutschland und Bulgarien.<\/span><\/p>\n<h3><\/h3>\n<p>&nbsp;<\/p>\n<h3><span style=\"font-family: georgia, palatino, serif;\"><a href=\"#d_labinska\">Dina Labinska<\/a><\/span><\/h3>\n<p><span style=\"font-family: georgia, palatino, serif;\"><a href=\"http:\/\/polynushka.de\/wp-content\/uploads\/2022\/10\/dina.jpg\"><img decoding=\"async\" loading=\"lazy\" class=\"alignleft\" src=\"http:\/\/polynushka.de\/wp-content\/uploads\/2022\/10\/dina-300x236.jpg\" alt=\"\" width=\"300\" height=\"236\" \/><\/a>Geboren und aufgewachsen in der N\u00e4he von Kiev, studierte Dina Musiktheorie und Musikgeschichte an der Kiever Staatlichen Musikakademie. Dort wurde auch das Fach Folklore und Ethnographie unterrichtet. Dina lernte viele ukrainische Volkslieder von ihrem Vater, aber den authentischen Dorfgesang h\u00f6rte sie zum ersten Mal w\u00e4hrend des Studiums, auf ihren Feldforschungsreisen.<\/span><br \/>\n<span style=\"font-family: georgia, palatino, serif;\">Sie wurde von der Entdeckung einer anderen \u2013 mythischen \u2013 Welt, die in den Liedern und Erz\u00e4hlungen der Gro\u00dfm\u00fctter aus dem Dorf auflebt, tief beeindruckt und beeinflusst. Zusammen mit dem Interesse f\u00fcr die altslavische Archaik, die Teil ihres Lebens wurde, kam auch das Erkennen ihrer eigenen Zugeh\u00f6rigkeit zu dieser Tradition und Kultur. Ihre Diplomarbeit schrieb sie \u00fcber die Feldforschungsaufnahmen, die sie im Nordosten der Ukraine machte. Ihr Doktorvater war Evgenij Efremov, der Gr\u00fcnder von \u201eDrewo\u201c \u2013 des ersten Ensembles f\u00fcr authentischen Dorfgesang in der Ukraine. Nach dem Studium unterrichtete Dina Musik an der Schule und arbeitete f\u00fcr einen Radiosender. Seit 2000 lebt sie in Deutschland. Seit 2005 ist sie Mitglied von Ensembles Polynushka.<\/span><\/p>\n<h3><span style=\"font-family: georgia, palatino, serif;\"><a href=\"#v_massold\">Veronika Massold<\/a><\/span><\/h3>\n<p><span style=\"font-family: georgia, palatino, serif;\"><a href=\"https:\/\/polynushka.de\/wp-content\/uploads\/2023\/05\/IMG_4387-scaled.jpg\"><img decoding=\"async\" loading=\"lazy\" class=\"alignleft wp-image-3442\" src=\"https:\/\/polynushka.de\/wp-content\/uploads\/2023\/05\/IMG_4387-scaled.jpg\" alt=\"\" width=\"336\" height=\"224\" srcset=\"https:\/\/polynushka.de\/wp-content\/uploads\/2023\/05\/IMG_4387-scaled.jpg 2560w, https:\/\/polynushka.de\/wp-content\/uploads\/2023\/05\/IMG_4387-300x200.jpg 300w, https:\/\/polynushka.de\/wp-content\/uploads\/2023\/05\/IMG_4387-1024x683.jpg 1024w, https:\/\/polynushka.de\/wp-content\/uploads\/2023\/05\/IMG_4387-768x512.jpg 768w, https:\/\/polynushka.de\/wp-content\/uploads\/2023\/05\/IMG_4387-1536x1024.jpg 1536w, https:\/\/polynushka.de\/wp-content\/uploads\/2023\/05\/IMG_4387-2048x1365.jpg 2048w, https:\/\/polynushka.de\/wp-content\/uploads\/2023\/05\/IMG_4387-18x12.jpg 18w, https:\/\/polynushka.de\/wp-content\/uploads\/2023\/05\/IMG_4387-619x413.jpg 619w\" sizes=\"(max-width: 336px) 100vw, 336px\" \/><\/a>Veronika ist in der Ukraine aufgewachsen und studierte traditionelle ukrainische Musik und Kultur am College f\u00fcr Kunst und Kultur in Lugansk.<\/span><br \/>\n<span style=\"font-family: georgia, palatino, serif;\">2008 schloss sie sich dem Ensemble Pol\u00fdnushka an.<\/span><\/p>\n<p>&nbsp;<\/p>\n<p>&nbsp;<\/p>\n<p>&nbsp;<\/p>\n<p>&nbsp;<\/p>\n<h3><span style=\"font-family: georgia, palatino, serif;\"><strong><a href=\"#d_Benert\">Darja Benert<\/a><\/strong><\/span><\/h3>\n<p><span style=\"font-family: georgia, palatino, serif;\"><a href=\"http:\/\/polynushka.de\/wp-content\/uploads\/2022\/10\/dasha.jpg\"><img decoding=\"async\" loading=\"lazy\" class=\"alignleft\" src=\"http:\/\/polynushka.de\/wp-content\/uploads\/2022\/10\/dasha-252x300.jpg\" alt=\"\" width=\"252\" height=\"300\" \/><\/a>Darja Benert ist in Sibirien geboren. Ihre Vorliebe f\u00fcr die russische Folklore entwickelte sich in fr\u00fcher Kindheit unter dem gro\u00dfen Einfluss ihrer Gro\u00dfmutter, von der sie die ersten authentischen Lieder geh\u00f6rt hat. In 2006 ist sie mit ihrer Familie nach Berlin umgesiedelt worden. Darja spielt Klavier und hat ihre musikalische Ausbildung am Musikgymnasium Carl-Philipp-Emanuel-Bach abgeschlossen. Anschlie\u00dfend studierte sie Slawistik und Germanistische Linguistik im Bachelor sowie Kulturen und Literaturen Mittel- und Osteuropas an der Humboldt-Universit\u00e4t zu Berlin. Darja promoviert im DFG-Graduiertenkolleg &#8222;Literatur- und Wissensgeschichte kleiner Formen&#8220; \u00fcber moderne kleine Formen russischer Literatur im Internet. In ihrer Freizeit besch\u00e4ftigt sie sich mit der traditionellen Kultur der Folklore.<\/span><\/p>\n<h3 id=\"e_rudi\"><span style=\"font-family: georgia, palatino, serif;\"><a href=\"#a_paszkiewicz\">Ania Paszkiewicz<\/a><\/span><\/h3>\n<p><span style=\"font-family: georgia, palatino, serif;\"><a href=\"http:\/\/polynushka.de\/wp-content\/uploads\/2022\/10\/ania.jpg\"><img decoding=\"async\" loading=\"lazy\" class=\"alignleft\" src=\"http:\/\/polynushka.de\/wp-content\/uploads\/2022\/10\/ania-200x300.jpg\" alt=\"\" width=\"200\" height=\"300\" \/><\/a>Geboren wurde Ania in Polen. Aufgewachsen ist sie im Riesengebirge, wo sie in den Jahren \u00a01991 bis 1998 im Off- Theater \u201eKlinika Lalek\u201c mitspielte.<\/span><br \/>\n<span style=\"font-family: georgia, palatino, serif;\">In Berlin studierte sie Linguistik an der Humboldt Universit\u00e4t. Auch hier hat sie\u00a0 an verschiedenen Theaterprojekten; u.a. am Theater am Ufer; \u00a0teilgenommen. Von 2003 bis 2008 arbeitete sie im \u201edokumentartheater-berlin, anschlie\u00dfend im \u201eTheater Lieder und Worte\u201c. \u00a0W\u00e4hrend dieser Mitarbeit wuchs ihre Faszination f\u00fcr die russische Folklore. Seit 2011 geh\u00f6rt Ania zu Polynushka.<\/span><\/p>\n<p>&nbsp;<\/p>\n<p>&nbsp;<\/p>\n<p>&nbsp;<\/p>\n<h3><span style=\"font-family: georgia, palatino, serif;\"><a href=\"#e_rudi\">Elisabeth Rudi<\/a><\/span><\/h3>\n<p><span style=\"font-family: georgia, palatino, serif;\"><a href=\"https:\/\/polynushka.de\/wp-content\/uploads\/2023\/05\/20170925-038_Polynushka.jpg\"><img decoding=\"async\" loading=\"lazy\" class=\"alignleft wp-image-3414 \" src=\"https:\/\/polynushka.de\/wp-content\/uploads\/2023\/05\/20170925-038_Polynushka.jpg\" alt=\"\" width=\"233\" height=\"350\" srcset=\"https:\/\/polynushka.de\/wp-content\/uploads\/2023\/05\/20170925-038_Polynushka.jpg 1335w, https:\/\/polynushka.de\/wp-content\/uploads\/2023\/05\/20170925-038_Polynushka-200x300.jpg 200w, https:\/\/polynushka.de\/wp-content\/uploads\/2023\/05\/20170925-038_Polynushka-684x1024.jpg 684w, https:\/\/polynushka.de\/wp-content\/uploads\/2023\/05\/20170925-038_Polynushka-768x1151.jpg 768w, https:\/\/polynushka.de\/wp-content\/uploads\/2023\/05\/20170925-038_Polynushka-1025x1536.jpg 1025w, https:\/\/polynushka.de\/wp-content\/uploads\/2023\/05\/20170925-038_Polynushka-8x12.jpg 8w, https:\/\/polynushka.de\/wp-content\/uploads\/2023\/05\/20170925-038_Polynushka-619x927.jpg 619w\" sizes=\"(max-width: 233px) 100vw, 233px\" \/><\/a>Auf einer russischen Insel namens Sachalin in 1984 geboren und aufgewachsen, kam Elisabeth fr\u00fch in Kontakt mit der russischen Folklore. Seit ihrem siebenten Lebensjahr besuchte sie die folkloristische Abteilung der dortigen Musikschule und trat als Solistin in diversen Konzerten und Tournees mit dem Volksliederensemble auf, u.a. durch Japan. Elisabeth ist Spezialistin im Gesang, im russischen Volkstanz und im Spielen verschiedener Volksmusikinstrumente, wie z. B. des Knopfakkordeons. Sie leitete bereits w\u00e4hrend ihres Kulturwissenschaftsstudiums an der Universit\u00e4t Hildesheim ein russisches Volksmusikseminar. Die russische Gesangskunst ist ein Teil ihrer Identit\u00e4t, obwohl sie schon seit langem in Deutschland und in der hiesigen Kultur lebt. Berlin ist nun ihre Heimatstadt. Ihr Deb\u00fct mit dem Ensemble hatte Elisabeth am 26.04.2013 in der Fl\u00fcsterhalle von Bad Neustadt.<\/span><\/p>\n<p>&nbsp;<\/p>\n<h3 id=\"e_rudi\"><span style=\"font-family: georgia, palatino, serif;\"><a href=\"#i_pletner\">Ilja Pletner<\/a><\/span><\/h3>\n<p><span style=\"font-family: georgia, palatino, serif;\"><a href=\"https:\/\/polynushka.de\/wp-content\/uploads\/2023\/05\/20170925-079_Polynushka.jpg\"><img decoding=\"async\" loading=\"lazy\" class=\"alignleft wp-image-3443\" src=\"https:\/\/polynushka.de\/wp-content\/uploads\/2023\/05\/20170925-079_Polynushka.jpg\" alt=\"\" width=\"233\" height=\"350\" srcset=\"https:\/\/polynushka.de\/wp-content\/uploads\/2023\/05\/20170925-079_Polynushka.jpg 1335w, https:\/\/polynushka.de\/wp-content\/uploads\/2023\/05\/20170925-079_Polynushka-200x300.jpg 200w, https:\/\/polynushka.de\/wp-content\/uploads\/2023\/05\/20170925-079_Polynushka-684x1024.jpg 684w, https:\/\/polynushka.de\/wp-content\/uploads\/2023\/05\/20170925-079_Polynushka-768x1151.jpg 768w, https:\/\/polynushka.de\/wp-content\/uploads\/2023\/05\/20170925-079_Polynushka-1025x1536.jpg 1025w, https:\/\/polynushka.de\/wp-content\/uploads\/2023\/05\/20170925-079_Polynushka-8x12.jpg 8w, https:\/\/polynushka.de\/wp-content\/uploads\/2023\/05\/20170925-079_Polynushka-619x927.jpg 619w\" sizes=\"(max-width: 233px) 100vw, 233px\" \/><\/a>Ilja Pletner, ist 1984 in Dnepropetrowsk (Ukraine) geboren, studierte Schauspiel an der Hochschule f\u00fcr Schauspielkunst &#8222;Ernst Busch&#8220; Berlin und Violine an der Hochschule f\u00fcr Musik W\u00fcrzburg.<\/span><br \/>\n<span style=\"font-family: georgia, palatino, serif;\">Er spielte unter anderem am Deutschen Theater Berlin, dem Eigenreich Theater Berlin sowie den Sophiens\u00e4len. Einem gr\u00f6\u00dferen Publikum wurde Ilja in Film- und Fernsehproduktionen (Novemberkind)<\/span><br \/>\n<span style=\"font-family: georgia, palatino, serif;\">von Christian Schwochow,<\/span><br \/>\n<span style=\"font-family: georgia, palatino, serif;\">Dominik Graf (Im Angesicht des Verbrechens)<\/span><br \/>\n<span style=\"font-family: georgia, palatino, serif;\">und Torsten C. Fischer (Schurkenst\u00fcck) bekannt. Seit vielen Jahren geh\u00f6rt er zum Ensemble des Atze-Theaters in Berlin<\/span><br \/>\n<span style=\"font-family: georgia, palatino, serif;\">Seit 2013 Mitglied Ensembles Polynushka.<\/span><\/p>\n<p>&nbsp;<\/p>\n<p>&nbsp;<\/p>\n<h3><span style=\"font-family: georgia, palatino, serif;\"><strong><a href=\"#s_grecov\">Stepan Grecov<\/a><\/strong><\/span><\/h3>\n<p><span style=\"font-family: georgia, palatino, serif;\"><a href=\"https:\/\/polynushka.de\/wp-content\/uploads\/2023\/05\/DSCF3609-2.jpg\"><img decoding=\"async\" loading=\"lazy\" class=\"alignleft wp-image-3445\" src=\"https:\/\/polynushka.de\/wp-content\/uploads\/2023\/05\/DSCF3609-2.jpg\" alt=\"\" width=\"233\" height=\"350\" srcset=\"https:\/\/polynushka.de\/wp-content\/uploads\/2023\/05\/DSCF3609-2.jpg 1477w, https:\/\/polynushka.de\/wp-content\/uploads\/2023\/05\/DSCF3609-2-200x300.jpg 200w, https:\/\/polynushka.de\/wp-content\/uploads\/2023\/05\/DSCF3609-2-683x1024.jpg 683w, https:\/\/polynushka.de\/wp-content\/uploads\/2023\/05\/DSCF3609-2-768x1152.jpg 768w, https:\/\/polynushka.de\/wp-content\/uploads\/2023\/05\/DSCF3609-2-1024x1536.jpg 1024w, https:\/\/polynushka.de\/wp-content\/uploads\/2023\/05\/DSCF3609-2-1366x2048.jpg 1366w, https:\/\/polynushka.de\/wp-content\/uploads\/2023\/05\/DSCF3609-2-8x12.jpg 8w, https:\/\/polynushka.de\/wp-content\/uploads\/2023\/05\/DSCF3609-2-619x928.jpg 619w\" sizes=\"(max-width: 233px) 100vw, 233px\" \/><\/a>Stepan Grecov ist in Moldawien geboren und aufgewachsen.<\/span><br \/>\n<span style=\"font-family: georgia, palatino, serif;\">Er studierte Theologie, bulgarische Folklore und byzantinische Gesangstradition in Bulgarien.<\/span><br \/>\n<span style=\"font-family: georgia, palatino, serif;\">Seit 2010 lebt Stepan in Berlin und ist seit 2019 ist er Mitglied von Polynushka.<\/span><\/p>\n<p>&nbsp;<\/p>\n<p>&nbsp;<\/p>\n<p>&nbsp;<\/p>\n<p>&nbsp;<\/p>\n<h3><\/h3>\n<p>&nbsp;<\/p>\n<h3 align=\"left\"><span style=\"font-family: georgia, palatino, serif;\"><a href=\"#T_Samokhvalova\">Tatiana Samokhvalova<\/a><\/span><\/h3>\n<p align=\"left\"><span style=\"font-family: georgia, palatino, serif;\"><a href=\"https:\/\/polynushka.de\/wp-content\/uploads\/2023\/05\/20170925-045_Polynushka.jpg\"><img decoding=\"async\" loading=\"lazy\" class=\"alignleft wp-image-3447\" src=\"https:\/\/polynushka.de\/wp-content\/uploads\/2023\/05\/20170925-045_Polynushka.jpg\" alt=\"\" width=\"233\" height=\"349\" srcset=\"https:\/\/polynushka.de\/wp-content\/uploads\/2023\/05\/20170925-045_Polynushka.jpg 1335w, https:\/\/polynushka.de\/wp-content\/uploads\/2023\/05\/20170925-045_Polynushka-200x300.jpg 200w, https:\/\/polynushka.de\/wp-content\/uploads\/2023\/05\/20170925-045_Polynushka-684x1024.jpg 684w, https:\/\/polynushka.de\/wp-content\/uploads\/2023\/05\/20170925-045_Polynushka-768x1151.jpg 768w, https:\/\/polynushka.de\/wp-content\/uploads\/2023\/05\/20170925-045_Polynushka-1025x1536.jpg 1025w, https:\/\/polynushka.de\/wp-content\/uploads\/2023\/05\/20170925-045_Polynushka-8x12.jpg 8w, https:\/\/polynushka.de\/wp-content\/uploads\/2023\/05\/20170925-045_Polynushka-619x927.jpg 619w\" sizes=\"(max-width: 233px) 100vw, 233px\" \/><\/a>Tatiana wuchs in Russland an der Schwarzmeerk\u00fcste auf. <span lang=\"de-DE\">Sie<\/span> erwarb einen Master-Abschluss in Philosophie an der Universit\u00e4t St. Petersburg. Nachdem <span lang=\"de-DE\">Tatiana<\/span> in den Bereichen Marketing und Logistik gearbeitet hat, organisierte sie in St. Petersburg internationale Jazzfestivals, Fotoausstellungen und Kulturaustauschprogramme mit den Niederlanden und den USA.<\/span><br \/>\n<span style=\"font-family: georgia, palatino, serif;\">Tatiana kann sich ein Leben ohne Musik und Gesang nicht vorstellen, aber erst in Berlin, wo sie seit 2014 lebt, konnte sie sich als Folks\u00e4ngerin im Ensemble Polynushka voll verwirklichen.<\/span><\/p>\n<h3><\/h3>\n<h3><\/h3>\n<h3><\/h3>\n<p>&nbsp;<\/p>\n<h3><a href=\"https:\/\/polynushka.de\/saenger\/\">Yulia Smirnova<\/a><\/h3>\n<p>&nbsp;<\/p>\n<h3><span style=\"font-family: georgia, palatino, serif;\"><strong><a href=\"#l_kirjackaja\">Lidija Kirjackaja<\/a><\/strong><\/span><\/h3>\n<p><span style=\"font-family: georgia, palatino, serif;\"><a href=\"http:\/\/polynushka.de\/wp-content\/uploads\/2022\/10\/Iuh6gA47d10.jpg\"><img decoding=\"async\" loading=\"lazy\" class=\"alignleft\" src=\"http:\/\/polynushka.de\/wp-content\/uploads\/2022\/10\/Iuh6gA47d10-300x200.jpg\" alt=\"\" width=\"300\" height=\"200\" \/><\/a>Lidija Kirjackaja ist in Litauen aufgewachsen. Mit sechs Jahren begann sie russische Folklore zu erlernen und sie war 18 Jahre lang Mitglied des Ensembles \u201eArinuschka\u201c in Vilnius.<\/span><br \/>\n<span style=\"font-family: georgia, palatino, serif;\">Lidija nahm an verschiedenen Folklorefestivals und -wettbewerben teil, haupts\u00e4chlich in Russland, sowie an der Folkloreschule \u201eTradition\u201c (Litauen). Sie half bei der Organisation des j\u00e4hrlichen Festivals \u201ePokrowskie Kolokola\u201c in Vilnius und nahm an Projekten teil, die Folklore und Moderne verbinden.<\/span><br \/>\n<span style=\"font-family: georgia, palatino, serif;\">Seit 2018 lebt Lidija in Berlin und seit 2019 ist sie Mitglied des Ensembles Polynushka.<\/span><\/p>\n<h3><span style=\"font-family: georgia, palatino, serif;\"><a href=\"https:\/\/polynushka.de\/saenger\/\">Liudmila Chalykh<\/a><\/span><\/h3>\n<p><span style=\"font-family: georgia, palatino, serif;\"><a href=\"https:\/\/polynushka.de\/wp-content\/uploads\/2023\/05\/IMAGE-2022-08-26-13_44_00.jpg\"><img decoding=\"async\" loading=\"lazy\" class=\"alignleft wp-image-3449\" src=\"https:\/\/polynushka.de\/wp-content\/uploads\/2023\/05\/IMAGE-2022-08-26-13_44_00.jpg\" alt=\"\" width=\"233\" height=\"311\" srcset=\"https:\/\/polynushka.de\/wp-content\/uploads\/2023\/05\/IMAGE-2022-08-26-13_44_00.jpg 958w, https:\/\/polynushka.de\/wp-content\/uploads\/2023\/05\/IMAGE-2022-08-26-13_44_00-225x300.jpg 225w, https:\/\/polynushka.de\/wp-content\/uploads\/2023\/05\/IMAGE-2022-08-26-13_44_00-766x1024.jpg 766w, https:\/\/polynushka.de\/wp-content\/uploads\/2023\/05\/IMAGE-2022-08-26-13_44_00-768x1026.jpg 768w, https:\/\/polynushka.de\/wp-content\/uploads\/2023\/05\/IMAGE-2022-08-26-13_44_00-9x12.jpg 9w, https:\/\/polynushka.de\/wp-content\/uploads\/2023\/05\/IMAGE-2022-08-26-13_44_00-619x827.jpg 619w\" sizes=\"(max-width: 233px) 100vw, 233px\" \/><\/a>Liudmila wurde in Woronesch geboren, wo sie auch die Musikschule absolvierte und sich auf Gesang und Dirigieren spezialisierte. Schon in jungen Jahren sang sie viel und trat in verschiedenen Ensembles auf. W\u00e4hrend ihres Studiums an der philologischen Fakult\u00e4t der Staatlichen Universit\u00e4t Woronesch nahm sie an einer Volksmusikexpedition teil, bei der sie in abgelegenen russischen D\u00f6rfern Volkslieder sammelte und aufnahm. Seitdem hat ihr Interesse an der Folkloremusik nicht nachgelassen.<\/span><\/p>\n<h3><\/h3>\n<h3><\/h3>\n<h3><\/h3>\n<h3><\/h3>\n","protected":false},"excerpt":{"rendered":"<p>Polina Proutskova Deniza Popova Dina Labinska Veronika Massold Darja Benert Ania Paszkiewicz Elisabeth Rudi Ilja Pletner Stepan Grecov Tatiana Samokhvalova Yulia Smirnova Lidija Kirjackaja Liudmila Chalykh Polina Proutskova Als Musikethnologin und S\u00e4ngerin erforscht Polina Proutskova die russische und ukrainische traditionelle Polyphonie und leitet Gesangsensembles in Berlin und London. Als Informatikerin untersucht sie die Gesangsstimmen in [&hellip;]<\/p>\n","protected":false},"author":4,"featured_media":0,"parent":0,"menu_order":7,"comment_status":"closed","ping_status":"closed","template":"","meta":[],"_links":{"self":[{"href":"http:\/\/polynushka.de\/de\/wp-json\/wp\/v2\/pages\/13"}],"collection":[{"href":"http:\/\/polynushka.de\/de\/wp-json\/wp\/v2\/pages"}],"about":[{"href":"http:\/\/polynushka.de\/de\/wp-json\/wp\/v2\/types\/page"}],"author":[{"embeddable":true,"href":"http:\/\/polynushka.de\/de\/wp-json\/wp\/v2\/users\/4"}],"replies":[{"embeddable":true,"href":"http:\/\/polynushka.de\/de\/wp-json\/wp\/v2\/comments?post=13"}],"version-history":[{"count":67,"href":"http:\/\/polynushka.de\/de\/wp-json\/wp\/v2\/pages\/13\/revisions"}],"predecessor-version":[{"id":3461,"href":"http:\/\/polynushka.de\/de\/wp-json\/wp\/v2\/pages\/13\/revisions\/3461"}],"wp:attachment":[{"href":"http:\/\/polynushka.de\/de\/wp-json\/wp\/v2\/media?parent=13"}],"curies":[{"name":"wp","href":"https:\/\/api.w.org\/{rel}","templated":true}]}}