{"id":14,"date":"2014-08-17T21:40:30","date_gmt":"2014-08-17T19:40:30","guid":{"rendered":"http:\/\/polynushka.de\/?page_id=14"},"modified":"2022-10-25T15:24:00","modified_gmt":"2022-10-25T13:24:00","slug":"weib-und-wolf","status":"publish","type":"page","link":"http:\/\/polynushka.de\/de\/weib-und-wolf\/","title":{"rendered":"Weib und Wolf"},"content":{"rendered":"<p>Ensemble Polynushka &amp; Natascha Bondar<\/p>\n<p>Uralte Lieder, Sagen und M\u00e4rchen aus russischen D\u00f6rfern (in deutscher oder russischer Sprache auff\u00fchrbar)<\/p>\n<p>Wer kennt das nicht, da sitzt eine alte Frau und erz\u00e4hlt im Kerzenlicht ihre Geschichten und M\u00e4rchen, die aber, wenn man genauer hinh\u00f6rt, die ganze Lebensweisheit eines Volkes beinhalten. Bei der Ernte, beim Beten, beim Feiern wird auf russischen D\u00f6rfern gesungen.<\/p>\n<p>Das Ensemble Polynushka sammelt in eigener Forschungsarbeit diese alten Lieder und pflegt die besonderen Gesangstechniken russischer B\u00e4uerinnen und M\u00f6nche.<\/p>\n<p>Die Zuh\u00f6rer werden durch die Musik der Rituale und die Geschichten der Baba in die Weiten der russischen Seele entf\u00fchrt. So wird das alte Russland samt seinen Liedern, T\u00e4nzen und Geschichten auch f\u00fcr die deutschen Zuschauer ein St\u00fcck erfahrbarer.<\/p>\n<p><iframe loading=\"lazy\" width=\"660\" height=\"371\" src=\"https:\/\/www.youtube.com\/embed\/Xk3XrZlt9gk?feature=oembed\" frameborder=\"0\" allowfullscreen><\/iframe><\/p>\n<p><a href=\"http:\/\/polynushka.de\/wp-content\/uploads\/2022\/10\/Polynushka-Natascha.jpg\"><img decoding=\"async\" loading=\"lazy\" src=\"http:\/\/polynushka.de\/wp-content\/uploads\/2022\/10\/Polynushka-Natascha.jpg\" alt=\"Polynushka Natascha\" width=\"2301\" height=\"1540\" \/><\/a><\/p>\n","protected":false},"excerpt":{"rendered":"<p>Ensemble Polynushka &amp; Natascha Bondar Uralte Lieder, Sagen und M\u00e4rchen aus russischen D\u00f6rfern (in deutscher oder russischer Sprache auff\u00fchrbar) Wer kennt das nicht, da sitzt eine alte Frau und erz\u00e4hlt im Kerzenlicht ihre Geschichten und M\u00e4rchen, die aber, wenn man genauer hinh\u00f6rt, die ganze Lebensweisheit eines Volkes beinhalten. Bei der Ernte, beim Beten, beim Feiern [&hellip;]<\/p>\n","protected":false},"author":2,"featured_media":0,"parent":0,"menu_order":2,"comment_status":"closed","ping_status":"closed","template":"","meta":[],"_links":{"self":[{"href":"http:\/\/polynushka.de\/de\/wp-json\/wp\/v2\/pages\/14"}],"collection":[{"href":"http:\/\/polynushka.de\/de\/wp-json\/wp\/v2\/pages"}],"about":[{"href":"http:\/\/polynushka.de\/de\/wp-json\/wp\/v2\/types\/page"}],"author":[{"embeddable":true,"href":"http:\/\/polynushka.de\/de\/wp-json\/wp\/v2\/users\/2"}],"replies":[{"embeddable":true,"href":"http:\/\/polynushka.de\/de\/wp-json\/wp\/v2\/comments?post=14"}],"version-history":[{"count":12,"href":"http:\/\/polynushka.de\/de\/wp-json\/wp\/v2\/pages\/14\/revisions"}],"predecessor-version":[{"id":2329,"href":"http:\/\/polynushka.de\/de\/wp-json\/wp\/v2\/pages\/14\/revisions\/2329"}],"wp:attachment":[{"href":"http:\/\/polynushka.de\/de\/wp-json\/wp\/v2\/media?parent=14"}],"curies":[{"name":"wp","href":"https:\/\/api.w.org\/{rel}","templated":true}]}}