{"id":7,"date":"2014-08-17T21:19:48","date_gmt":"2014-08-17T19:19:48","guid":{"rendered":"http:\/\/polynushka.de\/?page_id=7"},"modified":"2022-10-25T15:23:30","modified_gmt":"2022-10-25T13:23:30","slug":"tradition","status":"publish","type":"page","link":"http:\/\/polynushka.de\/de\/tradition\/","title":{"rendered":"Tradition"},"content":{"rendered":"<p>In keinem anderen Land ist die Kluft zwischen den offiziellen, durch die Medien verbreiteten Folklore-Klischees und der d\u00f6rflichen Musiktradition so gro\u00df wie in Russland. W\u00e4hrend der Sowjet\u00e4ra wurde die Volksmusik von der politischen Macht f\u00fcr eigene Zwecke instrumentalisiert \u2013 sie sollte die \u00dcberlegenheit der sowjetischen Lebensweise auf dem Land preisen. Ein offizieller \u201eFolkloreklang\u201c wurde eingef\u00fchrt, ein Regime-freundliches Repertoire abgesegnet, ein Ausbildungsnetz f\u00fcr \u201eKulturkr\u00e4fte\u201c geschaffen. Im Radio und Fernsehen konnte man sich vor den Produkten dieser Kulturpolitik nicht retten.<\/p>\n<div id=\"attachment_1139\" style=\"width: 888px\" class=\"wp-caption aligncenter\"><a href=\"http:\/\/polynushka.de\/wp-content\/uploads\/2022\/10\/Horovod-3.jpg\"><img aria-describedby=\"caption-attachment-1139\" decoding=\"async\" loading=\"lazy\" src=\"http:\/\/polynushka.de\/wp-content\/uploads\/2022\/10\/Horovod-3.jpg\" alt=\"\" width=\"878\" height=\"517\" \/><\/a><p id=\"caption-attachment-1139\" class=\"wp-caption-text\">Horovod<\/p><\/div>\n<p>Dabei fielen die Kalenderlieder oder Ges\u00e4nge, die zu wichtigen Ereignissen des Lebens gesungen wurden (z.B. Weihnachts- und Osterlieder oder Hochzeitsges\u00e4nge) nicht in das offizielle Repertoire. Denn diese Musik hing mit kirchlichen oder abergl\u00e4ubischen (aus den vorchristlichen Zeiten stammenden) Br\u00e4uchen zusammen. Alte Br\u00e4uche, sowohl die kirchlichen als auch die d\u00f6rflichen, waren als \u00dcberbleibsel aus der Zarenzeit verp\u00f6nt. Diese Musik wurde ignoriert, im besten Falle wurde sie geduldet. Das rettete sie vor dem offiziellen Gleichklang, der Text- und Stilzensur.<\/p>\n<p>Dabei ist dieses musikalische Material wohl das \u00e4lteste, was von der russischen Folklore \u00fcberliefert wurde. Denn die Lieder, die zu bestimmten Ritualen gesungen wurden, wurden auch auf bestimmte Weise gesungen, so wie die Gro\u00dfv\u00e4ter und Gro\u00dfm\u00fctter es gemacht hatten, Generation f\u00fcr Generation. Wenn Frauen ihre rituellen Lieder singen, trifft sich der Himmel mit der Muttererde in ihrem Leib \u2013 und so singen sie, von der Erde in den Himmel, mit den F\u00fc\u00dfen stampfend, mit den Armen in der Luft schwebend, mit dem Atem, der die Stimme in den Himmel hebt. Sie feiern und preisen diese Zusammenkunft und geben ihre ganze Kraft dass sie Frieden und Fruchtbarkeit hervorbringt.<\/p>\n","protected":false},"excerpt":{"rendered":"<p>In keinem anderen Land ist die Kluft zwischen den offiziellen, durch die Medien verbreiteten Folklore-Klischees und der d\u00f6rflichen Musiktradition so gro\u00df wie in Russland. W\u00e4hrend der Sowjet\u00e4ra wurde die Volksmusik von der politischen Macht f\u00fcr eigene Zwecke instrumentalisiert \u2013 sie sollte die \u00dcberlegenheit der sowjetischen Lebensweise auf dem Land preisen. Ein offizieller \u201eFolkloreklang\u201c wurde eingef\u00fchrt, [&hellip;]<\/p>\n","protected":false},"author":2,"featured_media":0,"parent":0,"menu_order":1,"comment_status":"closed","ping_status":"closed","template":"","meta":[],"_links":{"self":[{"href":"http:\/\/polynushka.de\/de\/wp-json\/wp\/v2\/pages\/7"}],"collection":[{"href":"http:\/\/polynushka.de\/de\/wp-json\/wp\/v2\/pages"}],"about":[{"href":"http:\/\/polynushka.de\/de\/wp-json\/wp\/v2\/types\/page"}],"author":[{"embeddable":true,"href":"http:\/\/polynushka.de\/de\/wp-json\/wp\/v2\/users\/2"}],"replies":[{"embeddable":true,"href":"http:\/\/polynushka.de\/de\/wp-json\/wp\/v2\/comments?post=7"}],"version-history":[{"count":12,"href":"http:\/\/polynushka.de\/de\/wp-json\/wp\/v2\/pages\/7\/revisions"}],"predecessor-version":[{"id":2326,"href":"http:\/\/polynushka.de\/de\/wp-json\/wp\/v2\/pages\/7\/revisions\/2326"}],"wp:attachment":[{"href":"http:\/\/polynushka.de\/de\/wp-json\/wp\/v2\/media?parent=7"}],"curies":[{"name":"wp","href":"https:\/\/api.w.org\/{rel}","templated":true}]}}