{"id":9,"date":"2014-08-17T21:22:31","date_gmt":"2014-08-17T19:22:31","guid":{"rendered":"http:\/\/polynushka.de\/?page_id=9"},"modified":"2022-10-27T13:43:40","modified_gmt":"2022-10-27T11:43:40","slug":"fuer-veranstalter","status":"publish","type":"page","link":"http:\/\/polynushka.de\/de\/fuer-veranstalter\/","title":{"rendered":"F\u00fcr Veranstalter"},"content":{"rendered":"<ul>\n<li>Weihnachten: Svjatki, Wahrsagen, das Dorf umrunden, geistliche Verse, Weihnachtsspiele<\/li>\n<\/ul>\n<p>Das M\u00e4rchenprogramm \u201e<a title=\"Weib und Wolf\" href=\"http:\/\/polynushka.de\/fuer-veranstalter\/weib-und-wolf\/\">Weib und Wolf<\/a>\u201c mit Natasha Bondar &#8211; Uralte Lieder, Sagen und M\u00e4rchen aus russischen D\u00f6rfern<br \/>Es richtet sich zugleich an Erwachsene und Kinder und kann f\u00fcr jedes Publikum angepasst werden. Es ist in deutscher oder russischer Sprache auff\u00fchrbar. Die Dramaturgie wird f\u00fcr jede Auff\u00fchrungsst\u00e4tte neu kreiert. Die Inhalte werden je nach Jahreszyklus, Feiertagen und Br\u00e4uchen gestaltet. So wird jede unserer Performances ein einmaliges Ereignis!<\/p>\n<p><iframe loading=\"lazy\" title=\"POLYNUSHKA (russische und ukrainische Folklore) &amp; N.Bondar &quot;Weib und Wolf&quot; Trailer Deutsch\" width=\"660\" height=\"371\" src=\"https:\/\/www.youtube.com\/embed\/Xk3XrZlt9gk?feature=oembed\" frameborder=\"0\" allow=\"accelerometer; autoplay; clipboard-write; encrypted-media; gyroscope; picture-in-picture\" allowfullscreen><\/iframe><\/p>\n<ul>\n<li>Russischer Fr\u00fchlingsempfang mit der T\u00e4nzerin und Akrobatin Kristina Winz als Masleniza<\/li>\n<li>Lebenskreis und Jahreskreis &#8211; Russische Frauen in der Tradition<\/li>\n<li>Mystic und Rituale &#8211; zwischen Dieser und Jener Welt<\/li>\n<li>Ostern &#8211; Jesus ist auferstanden!<\/li>\n<li>Russische Hochzeit<\/li>\n<li>Russische Party mit Polynushka und besten Osteuropa DJs<\/li>\n<li>Singen f\u00fcr und mit Kindern<\/li>\n<li>Workshops<\/li>\n<\/ul>\n<p>F\u00fcr Ihre Veranstaltung entwickeln wir gern ein ma\u00dfgeschneidertes Programm, welches sich auf Ihr Anliegen und Ihre G\u00e4ste beziehen kann, als auch auf die Jahreszeit des Konzerts.<\/p>\n<h3>Technical Rider<\/h3>\n<p>In kleineren R\u00e4umen oder bei guter Akustik singen wir gern unverst\u00e4rkt. Wenn Verst\u00e4rkung n\u00f6tig ist, brauchen wir Raummikrophone. Die Verst\u00e4rkung durch mehrere gerichtete Gesangsmikrophone ist notfalls m\u00f6glich.<\/p>\n<ul>\n<li>Umkleideraum, in dem wir unsere sch\u00f6nen Trachten anziehen k\u00f6nnen<\/li>\n<li>evtl. Platz zum Tanzen<\/li>\n<li>f\u00fcr das M\u00e4rchenprogramm: zwei kleine runde Tische, zwei B\u00e4nke, zwei Hocker<\/li>\n<\/ul>\n<p><a href=\"http:\/\/polynushka.de\/wp-content\/uploads\/2022\/10\/MG_9698.jpg\"><img decoding=\"async\" loading=\"lazy\" src=\"http:\/\/polynushka.de\/wp-content\/uploads\/2022\/10\/MG_9698.jpg\" alt=\"\" width=\"878\" height=\"588\" \/><\/a><\/p>\n<h3><a href=\"http:\/\/polynushka.de\/?page_id=215\">Presse \u00fcber\u00a0Pol\u00fdnushka<\/a><\/h3>\n","protected":false},"excerpt":{"rendered":"<p>Weihnachten: Svjatki, Wahrsagen, das Dorf umrunden, geistliche Verse, Weihnachtsspiele Das M\u00e4rchenprogramm \u201eWeib und Wolf\u201c mit Natasha Bondar &#8211; Uralte Lieder, Sagen und M\u00e4rchen aus russischen D\u00f6rfernEs richtet sich zugleich an Erwachsene und Kinder und kann f\u00fcr jedes Publikum angepasst werden. Es ist in deutscher oder russischer Sprache auff\u00fchrbar. Die Dramaturgie wird f\u00fcr jede Auff\u00fchrungsst\u00e4tte neu [&hellip;]<\/p>\n","protected":false},"author":2,"featured_media":0,"parent":0,"menu_order":3,"comment_status":"closed","ping_status":"closed","template":"","meta":[],"_links":{"self":[{"href":"http:\/\/polynushka.de\/de\/wp-json\/wp\/v2\/pages\/9"}],"collection":[{"href":"http:\/\/polynushka.de\/de\/wp-json\/wp\/v2\/pages"}],"about":[{"href":"http:\/\/polynushka.de\/de\/wp-json\/wp\/v2\/types\/page"}],"author":[{"embeddable":true,"href":"http:\/\/polynushka.de\/de\/wp-json\/wp\/v2\/users\/2"}],"replies":[{"embeddable":true,"href":"http:\/\/polynushka.de\/de\/wp-json\/wp\/v2\/comments?post=9"}],"version-history":[{"count":27,"href":"http:\/\/polynushka.de\/de\/wp-json\/wp\/v2\/pages\/9\/revisions"}],"predecessor-version":[{"id":2466,"href":"http:\/\/polynushka.de\/de\/wp-json\/wp\/v2\/pages\/9\/revisions\/2466"}],"wp:attachment":[{"href":"http:\/\/polynushka.de\/de\/wp-json\/wp\/v2\/media?parent=9"}],"curies":[{"name":"wp","href":"https:\/\/api.w.org\/{rel}","templated":true}]}}