{"id":13,"date":"2014-08-17T21:38:05","date_gmt":"2014-08-17T19:38:05","guid":{"rendered":"http:\/\/polynushka.de\/?page_id=13"},"modified":"2023-05-16T12:15:25","modified_gmt":"2023-05-16T10:15:25","slug":"saenger","status":"publish","type":"page","link":"http:\/\/polynushka.de\/en\/singers\/","title":{"rendered":"Singers"},"content":{"rendered":"<ul>\n<li><a href=\"#p_proutskova\"><span style=\"font-family: georgia, palatino, serif;\">Polina Proutskova<\/span><\/a><\/li>\n<li><span style=\"font-family: georgia, palatino, serif;\"><a href=\"#d_popova\">Deniza Popova<\/a><\/span><\/li>\n<li><span style=\"font-family: georgia, palatino, serif;\"><a href=\"#d_labinska\">Dina Labinska<\/a><\/span><\/li>\n<li><span style=\"font-family: georgia, palatino, serif;\"><a href=\"#v_massold\">Veronika Massold<\/a><\/span><\/li>\n<li><span style=\"font-family: georgia, palatino, serif;\"><a href=\"#d_Benert\">Darja Benert<\/a><\/span><\/li>\n<li><span style=\"font-family: georgia, palatino, serif;\"><a href=\"#a_paszkiewicz\">Ania Paszkiewicz<\/a><\/span><\/li>\n<li><span style=\"font-family: georgia, palatino, serif;\"><a href=\"#e_rudi\">Elisabeth Rudi<\/a><\/span><\/li>\n<li><span style=\"font-family: georgia, palatino, serif;\"><a href=\"#i_pletner\">Ilja Pletner<\/a><\/span><\/li>\n<li><span style=\"font-family: georgia, palatino, serif;\"><a href=\"#s_grecov\">Stepan Grecov<\/a><\/span><\/li>\n<li><span style=\"font-family: georgia, palatino, serif;\"><a href=\"#T_Samokhvalova\">Tatiana Samokhvalova<\/a><\/span><\/li>\n<li><span style=\"font-family: georgia, palatino, serif;\"><a href=\"http:\/\/polynushka.de\/en\/singers\/\">Yulia Smirnova<\/a><\/span><\/li>\n<li><span style=\"font-family: georgia, palatino, serif;\"><a href=\"#l_kirjackaja\">Lidija Kirjackaja<\/a><\/span><\/li>\n<li><a href=\"http:\/\/polynushka.de\/en\/singers\/\">Liudmila Chalykh<\/a><\/li>\n<\/ul>\n<h3 id=\"p_proutskova\"><span style=\"font-family: georgia, palatino, serif;\"><strong><a href=\"#p_proutskova\">Polina Proutskova<\/a><\/strong><\/span><\/h3>\n<p><span style=\"font-family: georgia, palatino, serif;\"><a href=\"http:\/\/polynushka.de\/wp-content\/uploads\/2022\/10\/polina.jpg\"><img decoding=\"async\" loading=\"lazy\" class=\"alignleft\" src=\"http:\/\/polynushka.de\/wp-content\/uploads\/2022\/10\/polina-200x300.jpg\" alt=\"\" width=\"200\" height=\"300\" \/><\/a>As an ethnomusicologist and singer, Polina Proutskova researches Russian and Ukrainian traditional polyphony and leads vocal ensembles in Berlin and London. As a computer scientist, she examines the singing voices in different cultures and their automated analysis. She leads an international research forum on singing and artificial intelligence and is a research engineer shaping the future of audiovisual media at the BBC.<\/span><\/p>\n<p>&nbsp;<\/p>\n<p>&nbsp;<\/p>\n<p>&nbsp;<\/p>\n<p>&nbsp;<\/p>\n<h3><span style=\"font-family: georgia, palatino, serif;\"><strong><a href=\"#d_popova\">Deniza Popova<\/a><\/strong><\/span><\/h3>\n<p style=\"text-align: left;\"><span style=\"font-family: georgia, palatino, serif;\"><a href=\"https:\/\/polynushka.de\/wp-content\/uploads\/2023\/05\/20170925-060_Polynushka.jpg\"><img decoding=\"async\" loading=\"lazy\" class=\"alignleft wp-image-3417\" src=\"https:\/\/polynushka.de\/wp-content\/uploads\/2023\/05\/20170925-060_Polynushka.jpg\" alt=\"\" width=\"233\" height=\"349\" srcset=\"https:\/\/polynushka.de\/wp-content\/uploads\/2023\/05\/20170925-060_Polynushka.jpg 1335w, https:\/\/polynushka.de\/wp-content\/uploads\/2023\/05\/20170925-060_Polynushka-200x300.jpg 200w, https:\/\/polynushka.de\/wp-content\/uploads\/2023\/05\/20170925-060_Polynushka-684x1024.jpg 684w, https:\/\/polynushka.de\/wp-content\/uploads\/2023\/05\/20170925-060_Polynushka-768x1151.jpg 768w, https:\/\/polynushka.de\/wp-content\/uploads\/2023\/05\/20170925-060_Polynushka-1025x1536.jpg 1025w, https:\/\/polynushka.de\/wp-content\/uploads\/2023\/05\/20170925-060_Polynushka-8x12.jpg 8w, https:\/\/polynushka.de\/wp-content\/uploads\/2023\/05\/20170925-060_Polynushka-619x927.jpg 619w\" sizes=\"(max-width: 233px) 100vw, 233px\" \/><\/a>Deniza Popova singt, was\u00a0 sie\u00a0 erforscht! In Berlin studierte sie Gesang, Musikwissenschaft, Musikethnologie und Bulgaristik und promovierte\u00a0 \u00fcber \u201eAuthentizit\u00e4t, Medialit\u00e4t und Identit\u00e4t authentischer bulgarischer\u00a0 Musiken\u201c. Die alten Musiktraditionen praktiziert sie beim Gottesdienst in der bulgarischen Kirche, seit 2004 mit dem traditionellen Ensemble Polynushka und seit 2013 mit dem avantgardistischen Ensemble Extrakte f\u00fcr sch\u00f6pferische Musikforschung. Sie engagiert sich f\u00fcr die sozialen Kontexte und l\u00e4sst neue musikalische Ereignisse entstehen. In Kombination aus wissenschaftlicher und k\u00fcnstlerischer Arbeit unterrichtet Deniza an Universit\u00e4ten, Hochschulen und breitenwirksam in der Musikp\u00e4dagogik in Deutschland und Bulgarien.<\/span><\/p>\n<h3><\/h3>\n<p>&nbsp;<\/p>\n<h3><span style=\"font-family: georgia, palatino, serif;\"><a href=\"#d_labinska\">Dina Labinska<\/a><\/span><\/h3>\n<p><span style=\"font-family: georgia, palatino, serif;\"><a href=\"http:\/\/polynushka.de\/wp-content\/uploads\/2022\/10\/dina.jpg\"><img decoding=\"async\" loading=\"lazy\" class=\"alignleft\" src=\"http:\/\/polynushka.de\/wp-content\/uploads\/2022\/10\/dina-300x236.jpg\" alt=\"\" width=\"300\" height=\"236\" \/><\/a>Born and raised near Kyiv. She studied theory and history of music at the Kyiv State Academy of Music, where folklore and ethnography were also taught. Dina knew a lot of Ukrainian folk songs from her father, but she heard authentic village singing for the first time in folklore expeditions during her studies.<\/span><br \/>\n<span style=\"font-family: georgia, palatino, serif;\">Sie wurde von der Entdeckung einer anderen \u2013 mythischen \u2013 Welt, die in den Liedern und Erz\u00e4hlungen der Gro\u00dfm\u00fctter aus dem Dorf auflebt, tief beeindruckt und beeinflusst. Zusammen mit dem Interesse f\u00fcr die altslavische Archaik, die Teil ihres Lebens wurde, kam auch das Erkennen ihrer eigenen Zugeh\u00f6rigkeit zu dieser Tradition und Kultur. Ihre Diplomarbeit schrieb sie \u00fcber die Feldforschungsaufnahmen, die sie im Nordosten der Ukraine machte. Ihr Doktorvater war Evgenij Efremov, der Gr\u00fcnder von \u201eDrewo\u201c \u2013 des ersten Ensembles f\u00fcr authentischen Dorfgesang in der Ukraine. Nach dem Studium unterrichtete Dina Musik an der Schule und arbeitete f\u00fcr einen Radiosender. Seit 2000 lebt sie in Deutschland. Seit 2005 ist sie Mitglied von Ensembles Polynushka.<\/span><\/p>\n<h3><span style=\"font-family: georgia, palatino, serif;\"><a href=\"#v_massold\">Veronika Massold<\/a><\/span><\/h3>\n<p><span style=\"font-family: georgia, palatino, serif;\"><a href=\"https:\/\/polynushka.de\/wp-content\/uploads\/2023\/05\/IMG_4387-scaled.jpg\"><img decoding=\"async\" loading=\"lazy\" class=\"alignleft wp-image-3442\" src=\"https:\/\/polynushka.de\/wp-content\/uploads\/2023\/05\/IMG_4387-scaled.jpg\" alt=\"\" width=\"336\" height=\"224\" srcset=\"https:\/\/polynushka.de\/wp-content\/uploads\/2023\/05\/IMG_4387-scaled.jpg 2560w, https:\/\/polynushka.de\/wp-content\/uploads\/2023\/05\/IMG_4387-300x200.jpg 300w, https:\/\/polynushka.de\/wp-content\/uploads\/2023\/05\/IMG_4387-1024x683.jpg 1024w, https:\/\/polynushka.de\/wp-content\/uploads\/2023\/05\/IMG_4387-768x512.jpg 768w, https:\/\/polynushka.de\/wp-content\/uploads\/2023\/05\/IMG_4387-1536x1024.jpg 1536w, https:\/\/polynushka.de\/wp-content\/uploads\/2023\/05\/IMG_4387-2048x1365.jpg 2048w, https:\/\/polynushka.de\/wp-content\/uploads\/2023\/05\/IMG_4387-18x12.jpg 18w, https:\/\/polynushka.de\/wp-content\/uploads\/2023\/05\/IMG_4387-619x413.jpg 619w\" sizes=\"(max-width: 336px) 100vw, 336px\" \/><\/a>Veronika ist in der Ukraine aufgewachsen und studierte traditionelle ukrainische Musik und Kultur am College f\u00fcr Kunst und Kultur in Lugansk.<\/span><br \/>\n<span style=\"font-family: georgia, palatino, serif;\">Organizer of cultural events of the Berlin art cafe Aviator.\nIn Berlin since 1997, in Polynushka since 2008.<\/span><\/p>\n<p>&nbsp;<\/p>\n<p>&nbsp;<\/p>\n<p>&nbsp;<\/p>\n<p>&nbsp;<\/p>\n<h3><span style=\"font-family: georgia, palatino, serif;\"><strong><a href=\"#d_Benert\">Darja Benert<\/a><\/strong><\/span><\/h3>\n<p><span style=\"font-family: georgia, palatino, serif;\"><a href=\"http:\/\/polynushka.de\/wp-content\/uploads\/2022\/10\/dasha.jpg\"><img decoding=\"async\" loading=\"lazy\" class=\"alignleft\" src=\"http:\/\/polynushka.de\/wp-content\/uploads\/2022\/10\/dasha-252x300.jpg\" alt=\"\" width=\"252\" height=\"300\" \/><\/a>Darja Benert is born in Siberia. Her fondness for Russian folklore developed in early childhood under the great influence of her grandmother, from whom she heard the first authentic songs. In 2006 she moved to Berlin with her family. Darja plays the piano and completed her musical education at the Carl-Philipp-Emanuel-Bach music high school. She then studied Slavic Studies and German Linguistics for a bachelor's degree as well as Cultures and Literatures of Central and Eastern Europe at the Humboldt University in Berlin. Darja is doing her doctorate in the DFG research training group \"History of Literature and Knowledge of Small Forms\" on modern small forms of Russian literature on the Internet. In her spare time she is engaged in traditional culture of folklore.<\/span><\/p>\n<h3 id=\"e_rudi\"><span style=\"font-family: georgia, palatino, serif;\"><a href=\"#a_paszkiewicz\">Ania Paszkiewicz<\/a><\/span><\/h3>\n<p><span style=\"font-family: georgia, palatino, serif;\"><a href=\"http:\/\/polynushka.de\/wp-content\/uploads\/2022\/10\/ania.jpg\"><img decoding=\"async\" loading=\"lazy\" class=\"alignleft\" src=\"http:\/\/polynushka.de\/wp-content\/uploads\/2022\/10\/ania-200x300.jpg\" alt=\"\" width=\"200\" height=\"300\" \/><\/a>Ania was born in Poland. She grew up in the Giant Mountains, where she acted in the off-theater \u201cKlinika Lalek\u201d from 1991 to 1998.<\/span><br \/>\n<span style=\"font-family: georgia, palatino, serif;\">In Berlin she studied linguistics at the Humboldt University. Here, too, she has participated in various theater projects; e.g. at the Theater am Ufer; took part. From 2003 to 2008 she worked in the \"dokumentartheater-berlin\", then in the \"Theater Lieder und Wort\". During this collaboration, her fascination with Russian folklore grew. Since 2011, Ania has belonged to Polynushka.<\/span><\/p>\n<p>&nbsp;<\/p>\n<p>&nbsp;<\/p>\n<p>&nbsp;<\/p>\n<h3><span style=\"font-family: georgia, palatino, serif;\"><a href=\"#e_rudi\">Elisabeth Rudi<\/a><\/span><\/h3>\n<p><span style=\"font-family: georgia, palatino, serif;\"><a href=\"https:\/\/polynushka.de\/wp-content\/uploads\/2023\/05\/20170925-038_Polynushka.jpg\"><img decoding=\"async\" loading=\"lazy\" class=\"alignleft wp-image-3414\" src=\"https:\/\/polynushka.de\/wp-content\/uploads\/2023\/05\/20170925-038_Polynushka.jpg\" alt=\"\" width=\"233\" height=\"350\" srcset=\"https:\/\/polynushka.de\/wp-content\/uploads\/2023\/05\/20170925-038_Polynushka.jpg 1335w, https:\/\/polynushka.de\/wp-content\/uploads\/2023\/05\/20170925-038_Polynushka-200x300.jpg 200w, https:\/\/polynushka.de\/wp-content\/uploads\/2023\/05\/20170925-038_Polynushka-684x1024.jpg 684w, https:\/\/polynushka.de\/wp-content\/uploads\/2023\/05\/20170925-038_Polynushka-768x1151.jpg 768w, https:\/\/polynushka.de\/wp-content\/uploads\/2023\/05\/20170925-038_Polynushka-1025x1536.jpg 1025w, https:\/\/polynushka.de\/wp-content\/uploads\/2023\/05\/20170925-038_Polynushka-8x12.jpg 8w, https:\/\/polynushka.de\/wp-content\/uploads\/2023\/05\/20170925-038_Polynushka-619x927.jpg 619w\" sizes=\"(max-width: 233px) 100vw, 233px\" \/><\/a>Born and raised on a Russian island called Sakhalin in 1984, Elisabeth came into contact with Russian folklore at an early age. From the age of seven she attended the folklore department of the local music school and performed as a soloist in various concerts and tours with the folk song ensemble, including through Japan. Elisabeth is a specialist in singing, Russian folk dance and playing various folk musical instruments such as B. the button accordion. During her studies in cultural studies at the University of Hildesheim, she led a Russian folk music seminar. The Russian art of singing is part of her identity, although she has lived in Germany and in the local culture for a long time. Berlin is now her hometown. Elisabeth made her debut with the ensemble on April 26, 2013 in the Fl\u00fcsterhalle in Bad Neustadt.<\/span><\/p>\n<p>&nbsp;<\/p>\n<h3 id=\"e_rudi\"><span style=\"font-family: georgia, palatino, serif;\"><a href=\"#i_pletner\">Ilja Pletner<\/a><\/span><\/h3>\n<p><span style=\"font-family: georgia, palatino, serif;\"><a href=\"https:\/\/polynushka.de\/wp-content\/uploads\/2023\/05\/20170925-079_Polynushka.jpg\"><img decoding=\"async\" loading=\"lazy\" class=\"alignleft wp-image-3443\" src=\"https:\/\/polynushka.de\/wp-content\/uploads\/2023\/05\/20170925-079_Polynushka.jpg\" alt=\"\" width=\"233\" height=\"350\" srcset=\"https:\/\/polynushka.de\/wp-content\/uploads\/2023\/05\/20170925-079_Polynushka.jpg 1335w, https:\/\/polynushka.de\/wp-content\/uploads\/2023\/05\/20170925-079_Polynushka-200x300.jpg 200w, https:\/\/polynushka.de\/wp-content\/uploads\/2023\/05\/20170925-079_Polynushka-684x1024.jpg 684w, https:\/\/polynushka.de\/wp-content\/uploads\/2023\/05\/20170925-079_Polynushka-768x1151.jpg 768w, https:\/\/polynushka.de\/wp-content\/uploads\/2023\/05\/20170925-079_Polynushka-1025x1536.jpg 1025w, https:\/\/polynushka.de\/wp-content\/uploads\/2023\/05\/20170925-079_Polynushka-8x12.jpg 8w, https:\/\/polynushka.de\/wp-content\/uploads\/2023\/05\/20170925-079_Polynushka-619x927.jpg 619w\" sizes=\"(max-width: 233px) 100vw, 233px\" \/><\/a>Ilja Pletner is born in Dnepropetrovsk (Ukraine) in 1984. He studied acting at the Ernst Busch Academy of Dramatic Arts in Berlin and violin at the W\u00fcrzburg Academy of Music.<\/span><br \/>\n<span style=\"font-family: georgia, palatino, serif;\">He played at the Deutsches Theater Berlin, the Eigenreich Theater Berlin and the Sophiens\u00e4le, among others. Ilja became known to a larger audience in film and television productions (November child)<\/span><br \/>\n<span style=\"font-family: georgia, palatino, serif;\">by Christian Schwochow,<\/span><br \/>\n<span style=\"font-family: georgia, palatino, serif;\">Dominik Graf (In the Face of Crime)<\/span><br \/>\n<span style=\"font-family: georgia, palatino, serif;\">and Torsten C. Fischer (rogue play) known. For many years he has been part of the ensemble of the Atze Theater in Berlin<\/span><br \/>\n<span style=\"font-family: georgia, palatino, serif;\">Since 2013 member of the ensemble Polynushka.<\/span><\/p>\n<p>&nbsp;<\/p>\n<p>&nbsp;<\/p>\n<h3><span style=\"font-family: georgia, palatino, serif;\"><strong><a href=\"#s_grecov\">Stepan Grecov<\/a><\/strong><\/span><\/h3>\n<p><span style=\"font-family: georgia, palatino, serif;\"><a href=\"https:\/\/polynushka.de\/wp-content\/uploads\/2023\/05\/DSCF3609-2.jpg\"><img decoding=\"async\" loading=\"lazy\" class=\"alignleft wp-image-3445\" src=\"https:\/\/polynushka.de\/wp-content\/uploads\/2023\/05\/DSCF3609-2.jpg\" alt=\"\" width=\"233\" height=\"350\" srcset=\"https:\/\/polynushka.de\/wp-content\/uploads\/2023\/05\/DSCF3609-2.jpg 1477w, https:\/\/polynushka.de\/wp-content\/uploads\/2023\/05\/DSCF3609-2-200x300.jpg 200w, https:\/\/polynushka.de\/wp-content\/uploads\/2023\/05\/DSCF3609-2-683x1024.jpg 683w, https:\/\/polynushka.de\/wp-content\/uploads\/2023\/05\/DSCF3609-2-768x1152.jpg 768w, https:\/\/polynushka.de\/wp-content\/uploads\/2023\/05\/DSCF3609-2-1024x1536.jpg 1024w, https:\/\/polynushka.de\/wp-content\/uploads\/2023\/05\/DSCF3609-2-1366x2048.jpg 1366w, https:\/\/polynushka.de\/wp-content\/uploads\/2023\/05\/DSCF3609-2-8x12.jpg 8w, https:\/\/polynushka.de\/wp-content\/uploads\/2023\/05\/DSCF3609-2-619x928.jpg 619w\" sizes=\"(max-width: 233px) 100vw, 233px\" \/><\/a>Stepan Grecov was born and raised in Moldova.<\/span><br \/>\n<span style=\"font-family: georgia, palatino, serif;\">He studied theology, Bulgarian folklore and Byzantine song tradition in Bulgaria.<\/span><br \/>\n<span style=\"font-family: georgia, palatino, serif;\">Stepan has lived in Berlin since 2010 and has been a member of Polynushka since 2019.<\/span><\/p>\n<p>&nbsp;<\/p>\n<p>&nbsp;<\/p>\n<p>&nbsp;<\/p>\n<p>&nbsp;<\/p>\n<h3><\/h3>\n<p>&nbsp;<\/p>\n<h3 align=\"left\"><span style=\"font-family: georgia, palatino, serif;\"><a href=\"#T_Samokhvalova\">Tatiana Samokhvalova<\/a><\/span><\/h3>\n<p align=\"left\"><span style=\"font-family: georgia, palatino, serif;\"><a href=\"https:\/\/polynushka.de\/wp-content\/uploads\/2023\/05\/20170925-045_Polynushka.jpg\"><img decoding=\"async\" loading=\"lazy\" class=\"alignleft wp-image-3447\" src=\"https:\/\/polynushka.de\/wp-content\/uploads\/2023\/05\/20170925-045_Polynushka.jpg\" alt=\"\" width=\"233\" height=\"349\" srcset=\"https:\/\/polynushka.de\/wp-content\/uploads\/2023\/05\/20170925-045_Polynushka.jpg 1335w, https:\/\/polynushka.de\/wp-content\/uploads\/2023\/05\/20170925-045_Polynushka-200x300.jpg 200w, https:\/\/polynushka.de\/wp-content\/uploads\/2023\/05\/20170925-045_Polynushka-684x1024.jpg 684w, https:\/\/polynushka.de\/wp-content\/uploads\/2023\/05\/20170925-045_Polynushka-768x1151.jpg 768w, https:\/\/polynushka.de\/wp-content\/uploads\/2023\/05\/20170925-045_Polynushka-1025x1536.jpg 1025w, https:\/\/polynushka.de\/wp-content\/uploads\/2023\/05\/20170925-045_Polynushka-8x12.jpg 8w, https:\/\/polynushka.de\/wp-content\/uploads\/2023\/05\/20170925-045_Polynushka-619x927.jpg 619w\" sizes=\"(max-width: 233px) 100vw, 233px\" \/><\/a>Tatiana wuchs in Russland an der Schwarzmeerk\u00fcste auf. <span lang=\"de-DE\">Sie<\/span> erwarb einen Master-Abschluss in Philosophie an der Universit\u00e4t St. Petersburg. Nachdem <span lang=\"de-DE\">Tatiana<\/span> in den Bereichen Marketing und Logistik gearbeitet hat, organisierte sie in St. Petersburg internationale Jazzfestivals, Fotoausstellungen und Kulturaustauschprogramme mit den Niederlanden und den USA.<\/span><br \/>\n<span style=\"font-family: georgia, palatino, serif;\">Tatiana kann sich ein Leben ohne Musik und Gesang nicht vorstellen, aber erst in Berlin, wo sie seit 2014 lebt, konnte sie sich als Folks\u00e4ngerin im Ensemble Polynushka voll verwirklichen.<\/span><\/p>\n<h3><\/h3>\n<h3><\/h3>\n<h3><\/h3>\n<p>&nbsp;<\/p>\n<h3><a href=\"http:\/\/polynushka.de\/en\/singers\/\">Yulia Smirnova<\/a><\/h3>\n<p>&nbsp;<\/p>\n<h3><span style=\"font-family: georgia, palatino, serif;\"><strong><a href=\"#l_kirjackaja\">Lidija Kirjackaja<\/a><\/strong><\/span><\/h3>\n<p><span style=\"font-family: georgia, palatino, serif;\"><a href=\"http:\/\/polynushka.de\/wp-content\/uploads\/2022\/10\/Iuh6gA47d10.jpg\"><img decoding=\"async\" loading=\"lazy\" class=\"alignleft\" src=\"http:\/\/polynushka.de\/wp-content\/uploads\/2022\/10\/Iuh6gA47d10-300x200.jpg\" alt=\"\" width=\"300\" height=\"200\" \/><\/a>Lidija Kirjackaja grew up in Lithuania. She began studying Russian folklore at the age of six and was a member of the Arinushka ensemble in Vilnius for 18 years.<\/span><br \/>\n<span style=\"font-family: georgia, palatino, serif;\">Lidija took part in various folklore festivals and competitions, mainly in Russia, as well as in the folklore school \"Tradition\" (Lithuania). She helped organize the annual Pokrovskie Kolokola festival in Vilnius and participated in projects combining folklore and modernity.<\/span><br \/>\n<span style=\"font-family: georgia, palatino, serif;\">Lidija has been living in Berlin since 2018 and has been a member of the Polynushka ensemble since 2019.<\/span><\/p>\n<h3><span style=\"font-family: georgia, palatino, serif;\"><a href=\"http:\/\/polynushka.de\/en\/singers\/\">Liudmila Chalykh<\/a><\/span><\/h3>\n<p><span style=\"font-family: georgia, palatino, serif;\"><a href=\"https:\/\/polynushka.de\/wp-content\/uploads\/2023\/05\/IMAGE-2022-08-26-13_44_00.jpg\"><img decoding=\"async\" loading=\"lazy\" class=\"alignleft wp-image-3449\" src=\"https:\/\/polynushka.de\/wp-content\/uploads\/2023\/05\/IMAGE-2022-08-26-13_44_00.jpg\" alt=\"\" width=\"233\" height=\"311\" srcset=\"https:\/\/polynushka.de\/wp-content\/uploads\/2023\/05\/IMAGE-2022-08-26-13_44_00.jpg 958w, https:\/\/polynushka.de\/wp-content\/uploads\/2023\/05\/IMAGE-2022-08-26-13_44_00-225x300.jpg 225w, https:\/\/polynushka.de\/wp-content\/uploads\/2023\/05\/IMAGE-2022-08-26-13_44_00-766x1024.jpg 766w, https:\/\/polynushka.de\/wp-content\/uploads\/2023\/05\/IMAGE-2022-08-26-13_44_00-768x1026.jpg 768w, https:\/\/polynushka.de\/wp-content\/uploads\/2023\/05\/IMAGE-2022-08-26-13_44_00-9x12.jpg 9w, https:\/\/polynushka.de\/wp-content\/uploads\/2023\/05\/IMAGE-2022-08-26-13_44_00-619x827.jpg 619w\" sizes=\"(max-width: 233px) 100vw, 233px\" \/><\/a>Liudmila wurde in Woronesch geboren, wo sie auch die Musikschule absolvierte und sich auf Gesang und Dirigieren spezialisierte. Schon in jungen Jahren sang sie viel und trat in verschiedenen Ensembles auf. W\u00e4hrend ihres Studiums an der philologischen Fakult\u00e4t der Staatlichen Universit\u00e4t Woronesch nahm sie an einer Volksmusikexpedition teil, bei der sie in abgelegenen russischen D\u00f6rfern Volkslieder sammelte und aufnahm. Seitdem hat ihr Interesse an der Folkloremusik nicht nachgelassen.<\/span><\/p>\n<h3><\/h3>\n<h3><\/h3>\n<h3><\/h3>\n<h3><\/h3>","protected":false},"excerpt":{"rendered":"<p>Polina Proutskova Deniza Popova Dina Labinska Veronika Massold Darja Benert Ania Paszkiewicz Elisabeth Rudi Ilja Pletner Stepan Grecov Tatiana Samokhvalova Yulia Smirnova Lidija Kirjackaja Liudmila Chalykh Polina Proutskova Als Musikethnologin und S\u00e4ngerin erforscht Polina Proutskova die russische und ukrainische traditionelle Polyphonie und leitet Gesangsensembles in Berlin und London. Als Informatikerin untersucht sie die Gesangsstimmen in [&hellip;]<\/p>","protected":false},"author":4,"featured_media":0,"parent":0,"menu_order":7,"comment_status":"closed","ping_status":"closed","template":"","meta":[],"_links":{"self":[{"href":"http:\/\/polynushka.de\/en\/wp-json\/wp\/v2\/pages\/13"}],"collection":[{"href":"http:\/\/polynushka.de\/en\/wp-json\/wp\/v2\/pages"}],"about":[{"href":"http:\/\/polynushka.de\/en\/wp-json\/wp\/v2\/types\/page"}],"author":[{"embeddable":true,"href":"http:\/\/polynushka.de\/en\/wp-json\/wp\/v2\/users\/4"}],"replies":[{"embeddable":true,"href":"http:\/\/polynushka.de\/en\/wp-json\/wp\/v2\/comments?post=13"}],"version-history":[{"count":67,"href":"http:\/\/polynushka.de\/en\/wp-json\/wp\/v2\/pages\/13\/revisions"}],"predecessor-version":[{"id":3461,"href":"http:\/\/polynushka.de\/en\/wp-json\/wp\/v2\/pages\/13\/revisions\/3461"}],"wp:attachment":[{"href":"http:\/\/polynushka.de\/en\/wp-json\/wp\/v2\/media?parent=13"}],"curies":[{"name":"wp","href":"https:\/\/api.w.org\/{rel}","templated":true}]}}