{"id":14,"date":"2014-08-17T21:40:30","date_gmt":"2014-08-17T19:40:30","guid":{"rendered":"http:\/\/polynushka.de\/?page_id=14"},"modified":"2022-10-25T15:24:00","modified_gmt":"2022-10-25T13:24:00","slug":"weib-und-wolf","status":"publish","type":"page","link":"http:\/\/polynushka.de\/en\/program\/","title":{"rendered":"Program"},"content":{"rendered":"<p>Ensemble Pol\u00fdnushka &amp; Natascha Bondar<\/p>\n<p>Ancient songs, legends and fairy tales from Russian villages (can be performed in German or Russian)<\/p>\n<p>Who does not know that, there an old woman sits and tells her stories and fairy tales in the candlelight, which, however, if you listen more closely, contains the whole wisdom of a person. During the harvest, when praying, when celebrating, people sing in Russian villages.<\/p>\n<p>The ensemble Pol\u00fdnushka collects these old songs in its own research work and cultivates the special singing techniques of Russian peasant women and monks.<\/p>\n<p>The listeners are carried off into the vastness of the Russian soul through the music of the rituals and the stories of the Baba. In this way, old Russia, including its songs, dances and stories, can be experienced a little more for German viewers.<\/p>\n<p><iframe loading=\"lazy\" width=\"660\" height=\"371\" src=\"https:\/\/www.youtube.com\/embed\/Xk3XrZlt9gk?feature=oembed\" frameborder=\"0\" allowfullscreen><\/iframe><\/p>\n<p><a href=\"http:\/\/polynushka.de\/wp-content\/uploads\/2022\/10\/Polynushka-Natascha.jpg\"><img decoding=\"async\" loading=\"lazy\" src=\"http:\/\/polynushka.de\/wp-content\/uploads\/2022\/10\/Polynushka-Natascha.jpg\" alt=\"Polynushka Natascha\" width=\"2301\" height=\"1540\" \/><\/a><\/p>","protected":false},"excerpt":{"rendered":"<p>Ensemble Polynushka &amp; Natascha Bondar Uralte Lieder, Sagen und M\u00e4rchen aus russischen D\u00f6rfern (in deutscher oder russischer Sprache auff\u00fchrbar) Wer kennt das nicht, da sitzt eine alte Frau und erz\u00e4hlt im Kerzenlicht ihre Geschichten und M\u00e4rchen, die aber, wenn man genauer hinh\u00f6rt, die ganze Lebensweisheit eines Volkes beinhalten. Bei der Ernte, beim Beten, beim Feiern [&hellip;]<\/p>","protected":false},"author":2,"featured_media":0,"parent":0,"menu_order":2,"comment_status":"closed","ping_status":"closed","template":"","meta":[],"_links":{"self":[{"href":"http:\/\/polynushka.de\/en\/wp-json\/wp\/v2\/pages\/14"}],"collection":[{"href":"http:\/\/polynushka.de\/en\/wp-json\/wp\/v2\/pages"}],"about":[{"href":"http:\/\/polynushka.de\/en\/wp-json\/wp\/v2\/types\/page"}],"author":[{"embeddable":true,"href":"http:\/\/polynushka.de\/en\/wp-json\/wp\/v2\/users\/2"}],"replies":[{"embeddable":true,"href":"http:\/\/polynushka.de\/en\/wp-json\/wp\/v2\/comments?post=14"}],"version-history":[{"count":12,"href":"http:\/\/polynushka.de\/en\/wp-json\/wp\/v2\/pages\/14\/revisions"}],"predecessor-version":[{"id":2329,"href":"http:\/\/polynushka.de\/en\/wp-json\/wp\/v2\/pages\/14\/revisions\/2329"}],"wp:attachment":[{"href":"http:\/\/polynushka.de\/en\/wp-json\/wp\/v2\/media?parent=14"}],"curies":[{"name":"wp","href":"https:\/\/api.w.org\/{rel}","templated":true}]}}