{"id":7,"date":"2014-08-17T21:19:48","date_gmt":"2014-08-17T19:19:48","guid":{"rendered":"http:\/\/polynushka.de\/?page_id=7"},"modified":"2022-10-25T15:23:30","modified_gmt":"2022-10-25T13:23:30","slug":"tradition","status":"publish","type":"page","link":"http:\/\/polynushka.de\/en\/heritage\/","title":{"rendered":"Heritage"},"content":{"rendered":"<p>In no other country is the abyss between the official \u2013 such as folklore clich\u00e9s broadcast through the media \u2013 and village musical traditions so great as it is in Russia. During the Soviet era folk music was used as a self-serving instrument by the political powers: music always had to praise the magnificence of the Soviet way of life. An official \u2018folklore sound\u2019 was imposed, a regime-friendly repertoire was sanctioned, a training network for \u2018culture workers\u2019 created. Shielding oneself from these products on television and radio was impossible.<\/p>\n<div id=\"attachment_1139\" style=\"width: 888px\" class=\"wp-caption aligncenter\"><a href=\"http:\/\/polynushka.de\/wp-content\/uploads\/2022\/10\/Horovod-3.jpg\"><img aria-describedby=\"caption-attachment-1139\" decoding=\"async\" loading=\"lazy\" src=\"http:\/\/polynushka.de\/wp-content\/uploads\/2022\/10\/Horovod-3.jpg\" alt=\"\" width=\"878\" height=\"517\" \/><\/a><p id=\"caption-attachment-1139\" class=\"wp-caption-text\">Horovod<\/p><\/div>\n<p>At the same time, the calendar songs and songs celebrating important life rituals (e.g. Christmas, Easter, or wedding songs) were not found in the official repertoire, as this music was associated with church and pagan customs. And of course, these old church and village customs were unwelcome remnants from the Tsarist era. Authentic music became ignored, and at best, was tolerated, which rescued and protected it from the homogenization process of the official sound, with its inherent censorship of text and style.<\/p>\n<p>This musical material is probably the oldest that has been passed down from Russian folklore tradition: the songs that were sung upon special ritual occasions were always performed in a particular way \u2013 just as grandmothers and grandfathers had always sung them \u2013 generation after generation. When women sing their sowing and harvest songs, heaven and mother earth join in their bodies. They sing from earth to sky with feet stamping, with arms sweeping and swinging in the air, and use their very breath to raise up their voices to heaven. They celebrate and praise this coming together and invest their entire power in this, in order that peace and fertility are brought forth.<\/p>","protected":false},"excerpt":{"rendered":"<p>In keinem anderen Land ist die Kluft zwischen den offiziellen, durch die Medien verbreiteten Folklore-Klischees und der d\u00f6rflichen Musiktradition so gro\u00df wie in Russland. W\u00e4hrend der Sowjet\u00e4ra wurde die Volksmusik von der politischen Macht f\u00fcr eigene Zwecke instrumentalisiert \u2013 sie sollte die \u00dcberlegenheit der sowjetischen Lebensweise auf dem Land preisen. Ein offizieller \u201eFolkloreklang\u201c wurde eingef\u00fchrt, [&hellip;]<\/p>","protected":false},"author":2,"featured_media":0,"parent":0,"menu_order":1,"comment_status":"closed","ping_status":"closed","template":"","meta":[],"_links":{"self":[{"href":"http:\/\/polynushka.de\/en\/wp-json\/wp\/v2\/pages\/7"}],"collection":[{"href":"http:\/\/polynushka.de\/en\/wp-json\/wp\/v2\/pages"}],"about":[{"href":"http:\/\/polynushka.de\/en\/wp-json\/wp\/v2\/types\/page"}],"author":[{"embeddable":true,"href":"http:\/\/polynushka.de\/en\/wp-json\/wp\/v2\/users\/2"}],"replies":[{"embeddable":true,"href":"http:\/\/polynushka.de\/en\/wp-json\/wp\/v2\/comments?post=7"}],"version-history":[{"count":12,"href":"http:\/\/polynushka.de\/en\/wp-json\/wp\/v2\/pages\/7\/revisions"}],"predecessor-version":[{"id":2326,"href":"http:\/\/polynushka.de\/en\/wp-json\/wp\/v2\/pages\/7\/revisions\/2326"}],"wp:attachment":[{"href":"http:\/\/polynushka.de\/en\/wp-json\/wp\/v2\/media?parent=7"}],"curies":[{"name":"wp","href":"https:\/\/api.w.org\/{rel}","templated":true}]}}