{"id":9,"date":"2014-08-17T21:22:31","date_gmt":"2014-08-17T19:22:31","guid":{"rendered":"http:\/\/polynushka.de\/?page_id=9"},"modified":"2022-10-27T13:43:40","modified_gmt":"2022-10-27T11:43:40","slug":"fuer-veranstalter","status":"publish","type":"page","link":"http:\/\/polynushka.de\/en\/event-management\/","title":{"rendered":"Event Management"},"content":{"rendered":"<ul>\n<li>Christmas: Svjatki, fortune telling, going around the village, spiritual verses, Christmas games<\/li>\n<\/ul>\n<p>The fairy tale program \"<a title=\"Program\" href=\"http:\/\/polynushka.de\/en\/fuer-veranstalter\/weib-und-wolf\/\">Program<\/a>\u201c with Natasha Bondar \u2013 Ancient songs, legends and fairy tales from Russian villages<br \/>The target group are adults and children alike and can be adapted for any audience. It can be performed in German or Russian. The dramaturgy is created anew for each performance venue. The content is designed according to the annual cycle, holidays and customs. So each of our performances becomes a unique event!<\/p>\n<p><iframe loading=\"lazy\" title=\"POLYNUSHKA (russische und ukrainische Folklore) &amp; N.Bondar &quot;Weib und Wolf&quot; Trailer Deutsch\" width=\"660\" height=\"371\" src=\"https:\/\/www.youtube.com\/embed\/Xk3XrZlt9gk?feature=oembed\" frameborder=\"0\" allow=\"accelerometer; autoplay; clipboard-write; encrypted-media; gyroscope; picture-in-picture\" allowfullscreen><\/iframe><\/p>\n<ul>\n<li>Russian Spring Reception with dancer and acrobat Kristina Winz as Maslenitsa<\/li>\n<li>Circle of life and circle of the year - Russian women in their tradition<\/li>\n<li>Mystic Rituals - between this world and the next<\/li>\n<li>Easter - Jesus has Risen!<\/li>\n<li>Russian Wedding<\/li>\n<li>Russian party with Polynushka and the best Eastern Europe DJs<\/li>\n<li>Singing for and with children<\/li>\n<li>Workshops<\/li>\n<\/ul>\n<p>We would be happy to develop a tailor-made program for your event, which can relate to your concerns and your guests, as well as to the season of the concert.<\/p>\n<h3>Technical Rider<\/h3>\n<p>In smaller rooms or with good acoustics, we like to sing without amplification. When amplification is needed, we need room mics. If necessary, amplification by several directional vocal microphones is possible.<\/p>\n<ul>\n<li>Changing room where we can put on our beautiful traditional costumes<\/li>\n<li>possibly space to dance<\/li>\n<li>for the fairytale program: two small round tables, two benches, two stools<\/li>\n<\/ul>\n<p><a href=\"http:\/\/polynushka.de\/wp-content\/uploads\/2022\/10\/MG_9698.jpg\"><img decoding=\"async\" loading=\"lazy\" src=\"http:\/\/polynushka.de\/wp-content\/uploads\/2022\/10\/MG_9698.jpg\" alt=\"\" width=\"878\" height=\"588\" \/><\/a><\/p>\n<h3><a href=\"http:\/\/polynushka.de\/en\/press\/\">Press about Pol\u00fdnushka<\/a><\/h3>","protected":false},"excerpt":{"rendered":"<p>Weihnachten: Svjatki, Wahrsagen, das Dorf umrunden, geistliche Verse, Weihnachtsspiele Das M\u00e4rchenprogramm \u201eWeib und Wolf\u201c mit Natasha Bondar &#8211; Uralte Lieder, Sagen und M\u00e4rchen aus russischen D\u00f6rfernEs richtet sich zugleich an Erwachsene und Kinder und kann f\u00fcr jedes Publikum angepasst werden. Es ist in deutscher oder russischer Sprache auff\u00fchrbar. Die Dramaturgie wird f\u00fcr jede Auff\u00fchrungsst\u00e4tte neu [&hellip;]<\/p>","protected":false},"author":2,"featured_media":0,"parent":0,"menu_order":3,"comment_status":"closed","ping_status":"closed","template":"","meta":[],"_links":{"self":[{"href":"http:\/\/polynushka.de\/en\/wp-json\/wp\/v2\/pages\/9"}],"collection":[{"href":"http:\/\/polynushka.de\/en\/wp-json\/wp\/v2\/pages"}],"about":[{"href":"http:\/\/polynushka.de\/en\/wp-json\/wp\/v2\/types\/page"}],"author":[{"embeddable":true,"href":"http:\/\/polynushka.de\/en\/wp-json\/wp\/v2\/users\/2"}],"replies":[{"embeddable":true,"href":"http:\/\/polynushka.de\/en\/wp-json\/wp\/v2\/comments?post=9"}],"version-history":[{"count":27,"href":"http:\/\/polynushka.de\/en\/wp-json\/wp\/v2\/pages\/9\/revisions"}],"predecessor-version":[{"id":2466,"href":"http:\/\/polynushka.de\/en\/wp-json\/wp\/v2\/pages\/9\/revisions\/2466"}],"wp:attachment":[{"href":"http:\/\/polynushka.de\/en\/wp-json\/wp\/v2\/media?parent=9"}],"curies":[{"name":"wp","href":"https:\/\/api.w.org\/{rel}","templated":true}]}}