{"id":14,"date":"2014-08-17T21:40:30","date_gmt":"2014-08-17T19:40:30","guid":{"rendered":"http:\/\/polynushka.de\/?page_id=14"},"modified":"2022-10-25T15:24:00","modified_gmt":"2022-10-25T13:24:00","slug":"weib-und-wolf","status":"publish","type":"page","link":"http:\/\/polynushka.de\/ru\/programma\/","title":{"rendered":"\u041f\u0440\u043e\u0433\u0440\u0430\u043c\u043c\u044b"},"content":{"rendered":"<p>\u0410\u043d\u0441\u0430\u043c\u0431\u043b\u044c \u041f\u043e\u043b\u044b\u043d\u0443\u0448\u043a\u0430 \u0438 \u041d\u0430\u0442\u0430\u0448\u0430 \u0411\u043e\u043d\u0434\u0430\u0440\u044c<\/p>\n<p>\u0421\u0442\u0430\u0440\u0438\u043d\u043d\u044b\u0435 \u043f\u0435\u0441\u043d\u0438, \u043b\u0435\u0433\u0435\u043d\u0434\u044b \u0438 \u0441\u043a\u0430\u0437\u043a\u0438 \u0440\u0443\u0441\u0441\u043a\u0438\u0445 \u0434\u0435\u0440\u0435\u0432\u0435\u043d\u044c (\u043c\u043e\u0436\u043d\u043e \u043d\u0430 \u043d\u0435\u043c\u0435\u0446\u043a\u043e\u043c \u0438\u043b\u0438 \u0440\u0443\u0441\u0441\u043a\u043e\u043c \u044f\u0437\u044b\u043a\u0435)<\/p>\n<p>\u041a\u0442\u043e \u044d\u0442\u043e\u0433\u043e \u043d\u0435 \u0437\u043d\u0430\u0435\u0442, \u0442\u0430\u043c \u0441\u0438\u0434\u0438\u0442 \u0441\u0442\u0430\u0440\u0443\u0445\u0430 \u0438 \u0440\u0430\u0441\u0441\u043a\u0430\u0437\u044b\u0432\u0430\u0435\u0442 \u043f\u0440\u0438 \u0441\u0432\u0435\u0442\u0435 \u0441\u0432\u0435\u0447\u0438 \u0441\u0432\u043e\u0438 \u0438\u0441\u0442\u043e\u0440\u0438\u0438 \u0438 \u0441\u043a\u0430\u0437\u043a\u0438, \u0432 \u043a\u043e\u0442\u043e\u0440\u044b\u0445, \u043e\u0434\u043d\u0430\u043a\u043e, \u0435\u0441\u043b\u0438 \u043f\u0440\u0438\u0441\u043b\u0443\u0448\u0430\u0442\u044c\u0441\u044f \u043f\u043e\u0432\u043d\u0438\u043c\u0430\u0442\u0435\u043b\u044c\u043d\u0435\u0435, \u0437\u0430\u043a\u043b\u044e\u0447\u0435\u043d\u0430 \u0432\u0441\u044f \u043c\u0443\u0434\u0440\u043e\u0441\u0442\u044c \u043d\u0430\u0440\u043e\u0434\u0430. \u0412\u043e \u0432\u0440\u0435\u043c\u044f \u0436\u0430\u0442\u0432\u044b, \u0432\u043e \u0432\u0440\u0435\u043c\u044f \u043c\u043e\u043b\u0438\u0442\u0432\u044b, \u0432\u043e \u0432\u0440\u0435\u043c\u044f \u043f\u0440\u0430\u0437\u0434\u043d\u043e\u0432\u0430\u043d\u0438\u044f \u0432 \u0440\u0443\u0441\u0441\u043a\u0438\u0445 \u0434\u0435\u0440\u0435\u0432\u043d\u044f\u0445 \u043f\u043e\u044e\u0442.<\/p>\n<p>\u0410\u043d\u0441\u0430\u043c\u0431\u043b\u044c \u041f\u043e\u043b\u044b\u043d\u0443\u0448\u043a\u0430 \u0441\u043e\u0431\u0438\u0440\u0430\u0435\u0442 \u044d\u0442\u0438 \u0441\u0442\u0430\u0440\u0438\u043d\u043d\u044b\u0435 \u043f\u0435\u0441\u043d\u0438 \u0432 \u0441\u0432\u043e\u0435\u0439 \u0438\u0441\u0441\u043b\u0435\u0434\u043e\u0432\u0430\u0442\u0435\u043b\u044c\u0441\u043a\u043e\u0439 \u0440\u0430\u0431\u043e\u0442\u0435 \u0438 \u043a\u0443\u043b\u044c\u0442\u0438\u0432\u0438\u0440\u0443\u0435\u0442 \u043e\u0441\u043e\u0431\u044b\u0435 \u0442\u0435\u0445\u043d\u0438\u043a\u0438 \u043f\u0435\u043d\u0438\u044f \u0440\u0443\u0441\u0441\u043a\u0438\u0445 \u043a\u0440\u0435\u0441\u0442\u044c\u044f\u043d\u043e\u043a \u0438 \u043c\u043e\u043d\u0430\u0445\u043e\u0432.<\/p>\n<p>\u0421\u043b\u0443\u0448\u0430\u0442\u0435\u043b\u0438 \u0443\u043d\u043e\u0441\u044f\u0442\u0441\u044f \u0432 \u043f\u0440\u043e\u0441\u0442\u043e\u0440\u044b \u0440\u0443\u0441\u0441\u043a\u043e\u0439 \u0434\u0443\u0448\u0438 \u0447\u0435\u0440\u0435\u0437 \u043c\u0443\u0437\u044b\u043a\u0443 \u043e\u0431\u0440\u044f\u0434\u043e\u0432 \u0438 \u0440\u0430\u0441\u0441\u043a\u0430\u0437\u043e\u0432 \u043e \u0411\u0430\u0431\u0435. \u0422\u0430\u043a\u0438\u043c \u043e\u0431\u0440\u0430\u0437\u043e\u043c, \u0441\u0442\u0430\u0440\u0430\u044f \u0420\u043e\u0441\u0441\u0438\u044f, \u0432\u043a\u043b\u044e\u0447\u0430\u044f \u0435\u0435 \u043f\u0435\u0441\u043d\u0438, \u0442\u0430\u043d\u0446\u044b \u0438 \u0441\u043a\u0430\u0437\u043a\u0438, \u043c\u043e\u0436\u0435\u0442 \u043d\u0435\u043c\u043d\u043e\u0433\u043e \u0431\u043e\u043b\u044c\u0448\u0435 \u043f\u0440\u043e\u0447\u0443\u0432\u0441\u0442\u0432\u043e\u0432\u0430\u0442\u044c\u0441\u044f \u0434\u043b\u044f \u043d\u0435\u043c\u0435\u0446\u043a\u0438\u0445 \u0437\u0440\u0438\u0442\u0435\u043b\u0435\u0439.<\/p>\n<p><iframe loading=\"lazy\" width=\"660\" height=\"371\" src=\"https:\/\/www.youtube.com\/embed\/Xk3XrZlt9gk?feature=oembed\" frameborder=\"0\" allowfullscreen><\/iframe><\/p>\n<p><a href=\"http:\/\/polynushka.de\/wp-content\/uploads\/2022\/10\/Polynushka-Natascha.jpg\"><img decoding=\"async\" loading=\"lazy\" src=\"http:\/\/polynushka.de\/wp-content\/uploads\/2022\/10\/Polynushka-Natascha.jpg\" alt=\"Polynushka Natascha\" width=\"2301\" height=\"1540\" \/><\/a><\/p>","protected":false},"excerpt":{"rendered":"<p>Ensemble Polynushka &amp; Natascha Bondar Uralte Lieder, Sagen und M\u00e4rchen aus russischen D\u00f6rfern (in deutscher oder russischer Sprache auff\u00fchrbar) Wer kennt das nicht, da sitzt eine alte Frau und erz\u00e4hlt im Kerzenlicht ihre Geschichten und M\u00e4rchen, die aber, wenn man genauer hinh\u00f6rt, die ganze Lebensweisheit eines Volkes beinhalten. Bei der Ernte, beim Beten, beim Feiern [&hellip;]<\/p>","protected":false},"author":2,"featured_media":0,"parent":0,"menu_order":2,"comment_status":"closed","ping_status":"closed","template":"","meta":[],"_links":{"self":[{"href":"http:\/\/polynushka.de\/ru\/wp-json\/wp\/v2\/pages\/14"}],"collection":[{"href":"http:\/\/polynushka.de\/ru\/wp-json\/wp\/v2\/pages"}],"about":[{"href":"http:\/\/polynushka.de\/ru\/wp-json\/wp\/v2\/types\/page"}],"author":[{"embeddable":true,"href":"http:\/\/polynushka.de\/ru\/wp-json\/wp\/v2\/users\/2"}],"replies":[{"embeddable":true,"href":"http:\/\/polynushka.de\/ru\/wp-json\/wp\/v2\/comments?post=14"}],"version-history":[{"count":12,"href":"http:\/\/polynushka.de\/ru\/wp-json\/wp\/v2\/pages\/14\/revisions"}],"predecessor-version":[{"id":2329,"href":"http:\/\/polynushka.de\/ru\/wp-json\/wp\/v2\/pages\/14\/revisions\/2329"}],"wp:attachment":[{"href":"http:\/\/polynushka.de\/ru\/wp-json\/wp\/v2\/media?parent=14"}],"curies":[{"name":"wp","href":"https:\/\/api.w.org\/{rel}","templated":true}]}}