{"id":7,"date":"2014-08-17T21:19:48","date_gmt":"2014-08-17T19:19:48","guid":{"rendered":"http:\/\/polynushka.de\/?page_id=7"},"modified":"2022-10-25T15:23:30","modified_gmt":"2022-10-25T13:23:30","slug":"tradition","status":"publish","type":"page","link":"http:\/\/polynushka.de\/ru\/nasledstvo\/","title":{"rendered":"\u0422\u0440\u0430\u0434\u0438\u0446\u0438\u044f"},"content":{"rendered":"<p>\u0412 \u0420\u043e\u0441\u0441\u0438\u0438, \u043a\u0430\u043a \u043d\u0430\u0432\u0435\u0440\u043d\u043e\u0435 \u043d\u0438 \u0432 \u043e\u0434\u043d\u043e\u0439 \u0434\u0440\u0443\u0433\u043e\u0439 \u0441\u0442\u0440\u0430\u043d\u0435, \u0432\u0435\u043b\u0438\u043a \u0440\u0430\u0437\u0440\u044b\u0432 \u043c\u0435\u0436\u0434\u0443 \u043e\u0444\u0438\u0446\u0438\u0430\u043b\u044c\u043d\u044b\u043c\u0438, \u0440\u0430\u0441\u043f\u0440\u043e\u0441\u0442\u0440\u0430\u043d\u044f\u0435\u043c\u044b\u043c\u0438 \u0441\u0440\u0435\u0434\u0441\u0442\u0432\u0430\u043c\u0438 \u043c\u0430\u0441\u0441\u043e\u0432\u043e\u0439 \u0438\u043d\u0444\u043e\u0440\u043c\u0430\u0446\u0438\u0438, \u0441\u0442\u0435\u0440\u0435\u043e\u0442\u0438\u043f\u0430\u043c\u0438 \u0438 \u0434\u0435\u0440\u0435\u0432\u0435\u043d\u0441\u043a\u043e\u0439 \u0442\u0440\u0430\u0434\u0438\u0446\u0438\u0435\u0439 \u043d\u0430\u0440\u043e\u0434\u043d\u043e\u0439 \u043c\u0443\u0437\u044b\u043a\u0438. \u0412\u043e \u0432\u0440\u0435\u043c\u0435\u043d\u0430 \u0421\u043e\u0432\u0435\u0442\u0441\u043a\u043e\u0433\u043e \u0421\u043e\u044e\u0437\u0430, \u043d\u0430\u0440\u043e\u0434\u043d\u0430\u044f \u043c\u0443\u0437\u044b\u043a\u0430 \u0431\u044b\u043b\u0430 \u0438\u0441\u043f\u043e\u043b\u044c\u0437\u043e\u0432\u0430\u043d\u0430 \u043f\u043e\u043b\u0438\u0442\u0438\u0447\u0435\u0441\u043a\u043e\u0439 \u0432\u043b\u0430\u0441\u0442\u044c\u044e \u0432 \u0441\u0432\u043e\u0438\u0445 \u0446\u0435\u043b\u044f\u0445 \u2013 \u043e\u043d\u0430 \u0434\u043e\u043b\u0436\u043d\u0430 \u0431\u044b\u043b\u0430 \u0432\u043e\u0441\u0445\u0432\u0430\u043b\u044f\u0442\u044c \u043f\u0440\u0435\u0432\u043e\u0441\u0445\u043e\u0434\u0441\u0442\u0432\u043e \u0441\u043e\u0432\u0435\u0442\u0441\u043a\u043e\u0433\u043e \u043e\u0431\u0440\u0430\u0437\u0430 \u0436\u0438\u0437\u043d\u0438. \u0421\u0440\u0435\u0434\u0441\u0442\u0432\u0430\u043c\u0438 \u043c\u0430\u0441\u0441\u043e\u0432\u043e\u0439 \u0438\u043d\u0444\u043e\u0440\u043c\u0430\u0446\u0438\u0438 \u043a\u0443\u043b\u044c\u0442\u0438\u0432\u0438\u0440\u043e\u0432\u0430\u043b\u0430\u0441\u044c \u0441\u043e\u0432\u0435\u0442\u0441\u043a\u0430\u044f \u043f\u0441\u0435\u0432\u0434\u043e\u0444\u043e\u043b\u044c\u043a\u043b\u043e\u0440\u043d\u0430\u044f \u0442\u0440\u0430\u0434\u0438\u0446\u0438\u044f, \u0440\u0430\u0441\u043f\u043e\u0441\u0442\u0440\u0430\u043d\u044f\u0435\u043c\u0430\u044f \u0433\u043e\u0441\u0443\u0434\u0430\u0440\u0441\u0442\u0432\u0435\u043d\u043d\u044b\u043c\u0438 \u043d\u0430\u0440\u043e\u0434\u043d\u044b\u043c\u0438 \u043a\u043e\u043b\u043b\u0435\u043a\u0442\u0438\u0432\u0430\u043c\u0438. \u0412 \u043e\u0431\u0440\u0430\u0437\u043e\u0432\u0430\u0442\u0435\u043b\u044c\u043d\u044b\u0445 \u0443\u0447\u0435\u0440\u0435\u0436\u0434\u0435\u043d\u0438\u044f\u0445 \u043f\u0440\u0435\u043f\u043e\u0434\u0430\u0432\u0430\u043b\u0441\u044f \u0438\u0441\u043a\u043b\u044e\u0447\u0438\u0442\u0435\u043b\u044c\u043d\u043e \u0443\u0442\u0432\u0435\u0440\u0436\u0434\u0451\u043d\u043d\u044b\u0439 \u0432\u043b\u0430\u0441\u0442\u044f\u043c\u0438 \u0440\u0435\u043f\u0435\u0440\u0442\u0443\u0430\u0440 \u0438 \u0431\u044b\u043b\u043e \u0432\u0432\u0435\u0434\u0451\u043d\u043e \u043e\u0444\u0438\u0446\u0438\u0430\u043b\u044c\u043d\u043e\u0435 \u00ab\u043d\u0430\u0440\u043e\u0434\u043d\u043e\u0435 \u0437\u0432\u0443\u0447\u0430\u043d\u0438\u0435\u00bb, \u043d\u0435 \u0438\u043c\u0435\u044e\u0449\u0435\u0435 \u043f\u0440\u0430\u043a\u0442\u0438\u0447\u0435\u0441\u043a\u0438 \u043d\u0438\u0447\u0435\u0433\u043e \u043e\u0431\u0449\u0435\u0433\u043e \u0441 \u043d\u0430\u0441\u0442\u043e\u044f\u0449\u0438\u043c \u0434\u0435\u0440\u0435\u0432\u0435\u043d\u0441\u043a\u0438\u043c \u043f\u0435\u043d\u0438\u0435\u043c. \u041f\u0440\u043e\u0434\u0443\u043a\u0442\u044b \u0434\u0430\u043d\u043d\u043e\u0439 \u043a\u0443\u043b\u044c\u0442\u0443\u0440\u043d\u043e\u0439 \u043f\u043e\u043b\u0438\u0442\u0438\u043a\u0438 \u043c\u0430\u0441\u0441\u0438\u0440\u043e\u0432\u0430\u043d\u043d\u043e \u043d\u0430\u0441\u0430\u0436\u0434\u0430\u043b\u0438\u0441\u044c \u0440\u0430\u0434\u0438\u043e \u0438 \u0442\u0435\u043b\u0435\u0432\u0438\u0434\u0435\u043d\u0438\u0435\u043c.<\/p>\n<div id=\"attachment_1139\" style=\"width: 888px\" class=\"wp-caption aligncenter\"><a href=\"http:\/\/polynushka.de\/wp-content\/uploads\/2022\/10\/Horovod-3.jpg\"><img aria-describedby=\"caption-attachment-1139\" decoding=\"async\" loading=\"lazy\" src=\"http:\/\/polynushka.de\/wp-content\/uploads\/2022\/10\/Horovod-3.jpg\" alt=\"\" width=\"878\" height=\"517\" \/><\/a><p id=\"caption-attachment-1139\" class=\"wp-caption-text\">\u0425\u043e\u0440\u043e\u0432\u043e\u0434<\/p><\/div>\n<p>\u041a\u0430\u043b\u0435\u043d\u0434\u0430\u0440\u043d\u043e-\u043e\u0431\u0440\u044f\u0434\u043e\u0432\u044b\u0435 \u043f\u0435\u0441\u043d\u0438 \u0438\u043b\u0438 \u043f\u0435\u0441\u043d\u0438, \u043a\u043e\u0442\u043e\u0440\u044b\u0435 \u043f\u0435\u043b\u0438\u0441\u044c \u0432\u043e \u0432\u0440\u0435\u043c\u044f \u0432\u0430\u0436\u043d\u044b\u0445 \u0441\u043e\u0431\u044b\u0442\u0438\u0439 \u0436\u0438\u0437\u043d\u0438 (\u043d\u0430\u043f\u0440\u0438\u043c\u0435\u0440, \u0440\u043e\u0436\u0434\u0435\u0441\u0442\u0432\u0435\u043d\u0441\u043a\u0438\u0435, \u043f\u0430\u0441\u0445\u0430\u043b\u044c\u043d\u044b\u0435 \u0438\u043b\u0438 \u0441\u0432\u0430\u0434\u0435\u0431\u043d\u044b\u0435 \u043f\u0435\u0441\u043d\u0438) \u043d\u0435 \u043f\u043e\u043f\u0430\u043b\u0438 \u0432 \u043e\u0444\u0438\u0446\u0438\u0430\u043b\u044c\u043d\u044b\u0439 \u0440\u0435\u043f\u0435\u0440\u0442\u0443\u0430\u0440, \u0442.\u043a. \u044d\u0442\u0430 \u043c\u0443\u0437\u044b\u043a\u0430 \u0431\u044b\u043b\u0430 \u0441\u0432\u044f\u0437\u0430\u043d\u0430 \u0441 \u0440\u0435\u043b\u0438\u0433\u0438\u043e\u0437\u043d\u044b\u043c\u0438 \u0438\u043b\u0438 \u0441\u0443\u0435\u0432\u0435\u0440\u043d\u044b\u043c\u0438 \u043e\u0431\u044b\u0447\u0430\u044f\u043c\u0438, \u0432\u0435\u0434\u0443\u0449\u0438\u043c\u0438 \u0441\u0432\u043e\u0438 \u0438\u0441\u0442\u043e\u043a\u0438 \u0441 \u0434\u043e\u0445\u0440\u0438\u0441\u0442\u0438\u0430\u043d\u0441\u043a\u0438\u0445 \u0432\u0440\u0435\u043c\u0435\u043d. \u0421\u0442\u0430\u0440\u044b\u0435 \u043e\u0431\u044b\u0447\u0430\u0438, \u043a\u0430\u043a \u0446\u0435\u0440\u043a\u043e\u0432\u043d\u044b\u0435 \u0442\u0430\u043a \u0438 \u0434\u0435\u0440\u0435\u0432\u0435\u043d\u0441\u043a\u0438\u0435, \u0431\u044b\u043b\u0438 \u043e\u0441\u0443\u0436\u0434\u0435\u043d\u044b \u043a\u0430\u043a \u043f\u0435\u0440\u0435\u0436\u0438\u0442\u043a\u0438 \u0446\u0430\u0440\u0441\u043a\u0438\u0445 \u0432\u0440\u0435\u043c\u0451\u043d. \u042d\u0442\u0430 \u043c\u0443\u0437\u044b\u043a\u0430 \u0438\u0433\u043d\u043e\u0440\u0438\u0440\u043e\u0432\u0430\u043b\u0430\u0441\u044c, \u0432 \u043b\u0443\u0447\u0448\u0435\u043c \u0441\u043b\u0443\u0447\u0430\u0435 \u0435\u0451 \u0442\u0435\u0440\u043f\u0435\u043b\u0438. \u042d\u0442\u043e \u0441\u043f\u0430\u0441\u043b\u043e \u0435\u0451 \u043e\u0442 \u043e\u0444\u0438\u0446\u0438\u0430\u043b\u044c\u043d\u043e\u0439 \u0443\u0440\u0430\u0432\u043d\u0438\u043b\u043e\u0432\u043a\u0438, \u0446\u0435\u043d\u0437\u0443\u0440\u044b \u0442\u0435\u043a\u0441\u0442\u0430 \u0438 \u0441\u0442\u0438\u043b\u044f.<\/p>\n<p>\u042d\u0442\u043e\u0442 \u043c\u0443\u0437\u044b\u043a\u0430\u043b\u044c\u043d\u044b\u0439 \u043c\u0430\u0442\u0435\u0440\u0438\u0430\u043b \u044f\u0432\u043b\u044f\u0435\u0442\u0441\u044f \u0441\u0430\u043c\u044b\u043c \u0434\u0440\u0435\u0432\u043d\u0438\u043c \u0438\u0437 \u0432\u0441\u0435\u0433\u043e, \u0447\u0442\u043e \u0441\u043e\u0445\u0440\u0430\u043d\u0438\u043b\u043e\u0441\u044c \u0432 \u0440\u0443\u0441\u0441\u043a\u043e\u043c \u0444\u043e\u043b\u044c\u043a\u043b\u043e\u0440\u0435, \u0442\u0430\u043a \u043a\u0430\u043a \u043f\u0435\u0441\u043d\u0438 \u043f\u0440\u0438 \u043e\u043f\u0440\u0435\u0434\u0435\u043b\u0435\u043d\u043d\u044b\u0445 \u0440\u0438\u0442\u0443\u0430\u043b\u0430\u0445 \u0432\u0441\u0435\u0433\u0434\u0430 \u043f\u0435\u043b\u0438\u0441\u044c \u043e\u043f\u0440\u0435\u0434\u0435\u043b\u0435\u043d\u043d\u044b\u043c \u043e\u0431\u0440\u0430\u0437\u043e\u043c, \u0442\u0430\u043a, \u043a\u0430\u043a \u044d\u0442\u043e \u0434\u0435\u043b\u0430\u043b\u0438 \u0434\u0435\u0434\u044b \u0438 \u043f\u0440\u0430\u0434\u0435\u0434\u044b, \u043f\u043e\u043a\u043e\u043b\u0435\u043d\u0438\u0435 \u0437\u0430 \u043f\u043e\u043a\u043e\u043b\u0435\u043d\u0438\u0435\u043c. \u041a\u043e\u0433\u0434\u0430 \u0436\u0435\u043d\u0449\u0438\u043d\u044b \u043f\u043e\u044e\u0442 \u0441\u0432\u043e\u0438 \u043e\u0431\u0440\u044f\u0434\u043e\u0432\u044b\u0435 \u043f\u0435\u0441\u043d\u0438, \u043d\u0435\u0431\u043e \u0432\u0441\u0442\u0440\u0435\u0447\u0430\u0435\u0442\u0441\u044f \u0441 \u043c\u0430\u0442\u0435\u0440\u044c\u044e-\u0437\u0435\u043c\u043b\u0435\u0439 \u0432 \u0435\u0435 \u0447\u0440\u0435\u0432\u0435 \u2013 \u0438 \u043e\u043d\u0438 \u043f\u043e\u044e\u0442, \u043e\u0442 \u0437\u0435\u043c\u043b\u0438 \u043a \u043d\u0435\u0431\u0443, \u0432\u0442\u0430\u043f\u0442\u044b\u0432\u0430\u044f \u043d\u043e\u0433\u0430\u043c\u0438 \u0437\u0435\u043c\u043b\u044e, \u0432\u0437\u043c\u0430\u0445\u0438\u0432\u0430\u044f \u0440\u0443\u043a\u0430\u043c\u0438 \u0440\u0443\u043a\u0430\u043c\u0438 \u0432 \u0432\u043e\u0437\u0434\u0443\u0445\u0435, \u0434\u044b\u0445\u0430\u043d\u0438\u0435\u043c, \u0432\u043e\u0437\u043d\u043e\u0441\u044f\u0449\u0438\u043c \u0433\u043e\u043b\u043e\u0441 \u0432 \u043d\u0435\u0431\u043e. \u041e\u043d\u0438 \u043f\u0440\u0430\u0437\u0434\u043d\u0443\u044e\u0442 \u0438 \u043f\u0440\u043e\u0441\u043b\u0430\u0432\u043b\u044f\u044e\u0442 \u044d\u0442\u0443 \u0432\u0441\u0442\u0440\u0435\u0447\u0443 \u0438 \u043e\u0442\u0434\u0430\u044e\u0442 \u0432\u0441\u044e \u0441\u0432\u043e\u044e \u0441\u0438\u043b\u0443, \u0447\u0442\u043e\u0431\u044b \u043e\u043d\u0430 \u043f\u0440\u0438\u043d\u0435\u0441\u043b\u0430 \u043c\u0438\u0440 \u0438 \u043f\u043b\u043e\u0434\u043e\u0440\u043e\u0434\u0438\u0435.<\/p>","protected":false},"excerpt":{"rendered":"<p>In keinem anderen Land ist die Kluft zwischen den offiziellen, durch die Medien verbreiteten Folklore-Klischees und der d\u00f6rflichen Musiktradition so gro\u00df wie in Russland. W\u00e4hrend der Sowjet\u00e4ra wurde die Volksmusik von der politischen Macht f\u00fcr eigene Zwecke instrumentalisiert \u2013 sie sollte die \u00dcberlegenheit der sowjetischen Lebensweise auf dem Land preisen. Ein offizieller \u201eFolkloreklang\u201c wurde eingef\u00fchrt, [&hellip;]<\/p>","protected":false},"author":2,"featured_media":0,"parent":0,"menu_order":1,"comment_status":"closed","ping_status":"closed","template":"","meta":[],"_links":{"self":[{"href":"http:\/\/polynushka.de\/ru\/wp-json\/wp\/v2\/pages\/7"}],"collection":[{"href":"http:\/\/polynushka.de\/ru\/wp-json\/wp\/v2\/pages"}],"about":[{"href":"http:\/\/polynushka.de\/ru\/wp-json\/wp\/v2\/types\/page"}],"author":[{"embeddable":true,"href":"http:\/\/polynushka.de\/ru\/wp-json\/wp\/v2\/users\/2"}],"replies":[{"embeddable":true,"href":"http:\/\/polynushka.de\/ru\/wp-json\/wp\/v2\/comments?post=7"}],"version-history":[{"count":12,"href":"http:\/\/polynushka.de\/ru\/wp-json\/wp\/v2\/pages\/7\/revisions"}],"predecessor-version":[{"id":2326,"href":"http:\/\/polynushka.de\/ru\/wp-json\/wp\/v2\/pages\/7\/revisions\/2326"}],"wp:attachment":[{"href":"http:\/\/polynushka.de\/ru\/wp-json\/wp\/v2\/media?parent=7"}],"curies":[{"name":"wp","href":"https:\/\/api.w.org\/{rel}","templated":true}]}}