{"id":8,"date":"2014-08-17T21:21:32","date_gmt":"2014-08-17T19:21:32","guid":{"rendered":"http:\/\/polynushka.de\/?page_id=8"},"modified":"2022-11-11T15:36:13","modified_gmt":"2022-11-11T13:36:13","slug":"audio-und-video","status":"publish","type":"page","link":"http:\/\/polynushka.de\/ru\/audio-i-video\/","title":{"rendered":"\u0410\u0443\u0434\u0438\u043e \u0438 \u0432\u0438\u0434\u0435\u043e"},"content":{"rendered":"<p><img decoding=\"async\" loading=\"lazy\" src=\"http:\/\/polynushka.de\/wp-content\/uploads\/2022\/10\/polynushka-front-300x298.jpg\" alt=\"\" width=\"300\" height=\"298\" \/><\/p>\n<p>Unsere CD 2015<br \/><strong>\u00ab\u041d\u0430 \u043d\u0430\u0448\u0435\u0439 \u0443\u043b\u0438\u0446\u0435\u00bb<\/strong>\u00a0\u0437\u0434\u0435\u0441\u044c!<br \/>\u041e\u0441\u043e\u0431\u043e\u0433\u043e \u0432\u043d\u0438\u043c\u0430\u043d\u0438\u044f \u0437\u0430\u0441\u043b\u0443\u0436\u0438\u0432\u0430\u044e\u0442 \u043e\u0431\u0440\u044f\u0434\u043e\u0432\u044b\u0435 \u043f\u0435\u0441\u043d\u0438 \u043d\u0430 \u0441\u0432\u0430\u0434\u044c\u0431\u0443, \u0432\u0435\u0441\u0435\u043d\u043d\u0438\u0435 \u0437\u043e\u0432\u044b \u0441 \u0423\u043a\u0440\u0430\u0438\u043d\u044b \u0438 \u0432\u0438\u0440\u0442\u0443\u043e\u0437\u043d\u043e \u0441\u0442\u0440\u0443\u044f\u0449\u0438\u0435\u0441\u044f \u043b\u0438\u0440\u0438\u0447\u0435\u0441\u043a\u0438\u0435 \u043f\u0435\u0441\u043d\u0438, \u043c\u0443\u0436\u0441\u043a\u0438\u0435 \u043d\u0430\u043f\u0435\u0432\u044b \u0438 \u0442\u043e\u043d\u043a\u0430\u044f \u0438\u043d\u0441\u0442\u0440\u0443\u043c\u0435\u043d\u0442\u0430\u043b\u044c\u043d\u0430\u044f \u043c\u0443\u0437\u044b\u043a\u0430. \u041c\u044b \u043c\u043d\u043e\u0433\u043e\u0435 \u0443\u0437\u043d\u0430\u043b\u0438 \u043e \u0432\u044b\u043d\u043e\u0441\u043b\u0438\u0432\u043e\u0441\u0442\u0438, \u044d\u043d\u0435\u0440\u0433\u0438\u0438 \u0438 \u0441\u0432\u044f\u0437\u0438 \u0441 \u0441\u043e\u043b\u043d\u0446\u0435\u043c, \u0447\u0442\u043e \u0442\u0430\u043a\u0436\u0435 \u043c\u043e\u0436\u043d\u043e \u0443\u0441\u043b\u044b\u0448\u0430\u0442\u044c \u043d\u0430 \u0434\u0438\u0441\u043a\u0435.<\/p>\n<!--[if lt IE 9]><script>document.createElement('audio');<\/script><![endif]-->\n\t<div class=\"wp-playlist wp-audio-playlist wp-playlist-light\">\n\t\t\t<div class=\"wp-playlist-current-item\"><\/div>\n\t\t<audio controls=\"controls\" preload=\"none\" width=\"638\"\n\t\t\t><\/audio>\n\t<div class=\"wp-playlist-next\"><\/div>\n\t<div class=\"wp-playlist-prev\"><\/div>\n\t<noscript>\n\t<ol>\n\t\t<li><a href='https:\/\/polynushka.de\/wp-content\/uploads\/2022\/10\/10.-Da-priehal-moj-milenkij_mittel-1.mp3'>Da priehal moj milenkij mittel<\/a><\/li><li><a href='https:\/\/polynushka.de\/wp-content\/uploads\/2022\/10\/19.-Da-kosyw-batko.mp3'>Da kosyw batko<\/a><\/li>\t<\/ol>\n\t<\/noscript>\n\t<script type=\"application\/json\" class=\"wp-playlist-script\">{\"type\":\"audio\",\"tracklist\":true,\"tracknumbers\":true,\"images\":true,\"artists\":true,\"tracks\":[{\"src\":\"https:\\\/\\\/polynushka.de\\\/wp-content\\\/uploads\\\/2022\\\/10\\\/10.-Da-priehal-moj-milenkij_mittel-1.mp3\",\"type\":\"audio\\\/mpeg\",\"title\":\"Da priehal moj milenkij mittel\",\"caption\":\"\",\"description\":\"\\\"10.-Da-priehal-moj-milenkij_mittel\\\".\",\"meta\":{\"length_formatted\":\"2:36\"},\"image\":{\"src\":\"http:\\\/\\\/polynushka.de\\\/wp-includes\\\/images\\\/media\\\/audio.png\",\"width\":48,\"height\":64},\"thumb\":{\"src\":\"http:\\\/\\\/polynushka.de\\\/wp-includes\\\/images\\\/media\\\/audio.png\",\"width\":48,\"height\":64}},{\"src\":\"https:\\\/\\\/polynushka.de\\\/wp-content\\\/uploads\\\/2022\\\/10\\\/19.-Da-kosyw-batko.mp3\",\"type\":\"audio\\\/mpeg\",\"title\":\"Da kosyw batko\",\"caption\":\"\",\"description\":\"\\\"19.-Da-kosyw-batko\\\".\",\"meta\":{\"length_formatted\":\"2:27\"},\"image\":{\"src\":\"http:\\\/\\\/polynushka.de\\\/wp-includes\\\/images\\\/media\\\/audio.png\",\"width\":48,\"height\":64},\"thumb\":{\"src\":\"http:\\\/\\\/polynushka.de\\\/wp-includes\\\/images\\\/media\\\/audio.png\",\"width\":48,\"height\":64}}]}<\/script>\n<\/div>\n\t\n<p><strong><a href=\"http:\/\/polynushka.de\/ru\/cd-bestellen\/\">\u0417\u0430\u043a\u0430\u0437 CD \u00ab\u041d\u0430 \u043d\u0430\u0448\u0435\u0439 \u0443\u043b\u0438\u0446\u0435\u00bb<\/a><\/strong><\/p>\n<p><iframe loading=\"lazy\" title=\"&quot;Nevelitschka ptischka&quot; - Polynushka - Zugvogelmusik 2017\" width=\"660\" height=\"371\" src=\"https:\/\/www.youtube.com\/embed\/5rwqdpLWx9Y?feature=oembed\" frameborder=\"0\" allow=\"accelerometer; autoplay; clipboard-write; encrypted-media; gyroscope; picture-in-picture\" allowfullscreen><\/iframe><\/p>\n<p class=\" translation-block\">\u041f\u043e\u043b\u044b\u043d\u044c-\u0442\u0440\u0430\u0432\u0430, \u0433\u043e\u0440\u044c\u043a\u0430\u044f \u0442\u044b \u0442\u0440\u0430\u0432\u0430 - \u0441\u0430\u043c\u0430\u044f \u0433\u043e\u0440\u044c\u043a\u0430\u044f \u0432\u043e \u0432\u0441\u0435\u043c \u043f\u043e\u043b\u0435. \u0422\u043e\u043b\u044c\u043a\u043e \u0441\u043b\u0443\u0436\u0431\u0430 \u0443 \u0446\u0430\u0440\u044f \u0433\u043e\u0440\u0447\u0435 \u0442\u0435\u0431\u044f...<\/p>\n<p><img decoding=\"async\" loading=\"lazy\" src=\"http:\/\/polynushka.de\/wp-content\/uploads\/2022\/10\/polynushka-cover-cd-2014-300x297.jpg\" alt=\"\" width=\"300\" height=\"297\" \/>\u041d\u0430\u0448 CD \u00a0<strong>\u00ab\u041f\u043e\u043b\u044b\u043d\u0443\u0448\u043a\u0430 \u2014 \u0430\u0443\u0442\u0435\u043d\u0442\u0438\u0447\u043d\u044b\u0439 \u0440\u0443\u0441\u0441\u043a\u0438\u0439 \u0444\u043e\u043b\u044c\u043a\u043b\u043e\u0440 \u0432 \u0431\u043e\u043b\u044c\u0448\u043e\u043c \u0433\u043e\u0440\u043e\u0434\u0435\u00bb<\/strong> \u0432 \u0441\u043e\u0442\u0440\u0443\u0434\u043d\u0438\u0447\u0435\u0441\u0442\u0432\u0435 \u0441 \u0411\u0435\u0440\u043b\u0438\u043d\u0441\u043a\u0438\u043c \u0430\u0440\u0445\u0438\u0432\u043e\u043c \u0444\u043e\u043d\u043e\u0433\u0440\u0430\u043c\u043c 2008 \u0433. \u0441 48-\u0441\u0442\u0440\u0430\u043d\u0438\u0447\u043d\u044b\u043c \u0431\u0443\u043a\u043b\u0435\u0442\u043e\u043c \u043f\u043e\u043b\u0443\u0447\u0438\u043b \u043f\u0440\u0438\u0437 \u043d\u0435\u043c\u0435\u0446\u043a\u0438\u0445 \u043a\u0440\u0438\u0442\u0438\u043a\u043e\u0432 \u0437\u0432\u0443\u043a\u043e\u0437\u0430\u043f\u0438\u0441\u0438!<br \/><a href=\"http:\/\/www.schallplattenkritik.de\/\" target=\"_blank\" rel=\"noopener\"><img decoding=\"async\" loading=\"lazy\" src=\"http:\/\/polynushka.de\/wp-content\/uploads\/2022\/10\/PdSK_Logo_Bestenliste.png\" alt=\"PdSK Logo Bestenliste\" width=\"203\" height=\"205\" \/><\/a><\/p>\n<p style=\"clear: both;\">\u0416\u044e\u0440\u0438 \u043e\u0446\u0435\u043d\u0438\u043b\u043e \u0435\u0433\u043e \u043a\u0430\u043a \u043e\u0434\u043d\u0443 \u0438\u0437 \u0441\u0430\u043c\u044b\u0445 \u0445\u0443\u0434\u043e\u0436\u0435\u0441\u0442\u0432\u0435\u043d\u043d\u043e \u0432\u044b\u0434\u0430\u044e\u0449\u0438\u0445\u0441\u044f \u043d\u043e\u0432\u0438\u043d\u043e\u043a \u043d\u0430 \u0440\u044b\u043d\u043a\u0435 \u0437\u0432\u0443\u043a\u043e\u0432\u044b\u0445 \u043d\u043e\u0441\u0438\u0442\u0435\u043b\u0435\u0439 \u0438 \u043d\u0430\u0433\u0440\u0430\u0434\u0438\u043b\u043e \u0435\u0433\u043e: <strong><a title=\"Schallplattenkritik Bestenliste 3-2008\" href=\"http:\/\/www.schallplattenkritik.de\/component\/content\/article\/273-bestenliste-3-2008\" target=\"_blank\" rel=\"noopener\">\u0421\u043f\u0438\u0441\u043e\u043a \u043b\u0443\u0447\u0448\u0438\u0445 3\/2008<\/a><\/strong> (\u041a\u0430\u0442\u0435\u0433\u043e\u0440\u0438\u044f \u0422\u0440\u0430\u0434\u0438\u0446\u0438\u043e\u043d\u043d\u0430\u044f \u044d\u0442\u043d\u0438\u0447\u0435\u0441\u043a\u0430\u044f \u043c\u0443\u0437\u044b\u043a\u0430, \u041d\u0430\u0440\u043e\u0434 \u0438 \u0444\u043e\u043b\u044c\u043a\u043b\u043e\u0440).<\/p>\n<div class=\"wp-playlist wp-audio-playlist wp-playlist-light\">\n\t\t\t<div class=\"wp-playlist-current-item\"><\/div>\n\t\t<audio controls=\"controls\" preload=\"none\" width=\"638\"\n\t\t\t><\/audio>\n\t<div class=\"wp-playlist-next\"><\/div>\n\t<div class=\"wp-playlist-prev\"><\/div>\n\t<noscript>\n\t<ol>\n\t\t<li><a href='https:\/\/polynushka.de\/wp-content\/uploads\/2022\/10\/Po_senjam_po_senjam.mp3'>In der Diele<\/a><\/li><li><a href='https:\/\/polynushka.de\/wp-content\/uploads\/2022\/10\/Oj_ljatel_pavlin.mp3'>Ein Pfau flog \u00fcber die Stra\u00dfe<\/a><\/li>\t<\/ol>\n\t<\/noscript>\n\t<script type=\"application\/json\" class=\"wp-playlist-script\">{\"type\":\"audio\",\"tracklist\":true,\"tracknumbers\":true,\"images\":true,\"artists\":true,\"tracks\":[{\"src\":\"https:\\\/\\\/polynushka.de\\\/wp-content\\\/uploads\\\/2022\\\/10\\\/Po_senjam_po_senjam.mp3\",\"type\":\"audio\\\/mpeg\",\"title\":\"In der Diele\",\"caption\":\"\",\"description\":\"\\\"Spur 15\\\" from Unbekanntes Album (23.02.2008 14:33:49) by Unbekannter Interpret. Track 15. Genre: Unbekanntes Genre.\",\"meta\":{\"artist\":\"Unbekannter Interpret\",\"album\":\"Unbekanntes Album (23.02.2008 14:33:49)\",\"genre\":\"Unbekanntes Genre\",\"length_formatted\":\"2:18\"},\"image\":{\"src\":\"http:\\\/\\\/polynushka.de\\\/wp-includes\\\/images\\\/media\\\/audio.png\",\"width\":48,\"height\":64},\"thumb\":{\"src\":\"http:\\\/\\\/polynushka.de\\\/wp-includes\\\/images\\\/media\\\/audio.png\",\"width\":48,\"height\":64}},{\"src\":\"https:\\\/\\\/polynushka.de\\\/wp-content\\\/uploads\\\/2022\\\/10\\\/Oj_ljatel_pavlin.mp3\",\"type\":\"audio\\\/mpeg\",\"title\":\"Ein Pfau flog \\u00fcber die Stra\\u00dfe\",\"caption\":\"\",\"description\":\"\\\"Spur 4\\\" from Unbekanntes Album (23.02.2008 14:33:49) by Unbekannter Interpret. Track 4. Genre: Unbekanntes Genre.\",\"meta\":{\"artist\":\"Unbekannter Interpret\",\"album\":\"Unbekanntes Album (23.02.2008 14:33:49)\",\"genre\":\"Unbekanntes Genre\",\"length_formatted\":\"1:45\"},\"image\":{\"src\":\"http:\\\/\\\/polynushka.de\\\/wp-includes\\\/images\\\/media\\\/audio.png\",\"width\":48,\"height\":64},\"thumb\":{\"src\":\"http:\\\/\\\/polynushka.de\\\/wp-includes\\\/images\\\/media\\\/audio.png\",\"width\":48,\"height\":64}}]}<\/script>\n<\/div>\n\t\n<h4>CD\u00a0<strong>\u00ab\u041f\u043e\u043b\u044b\u043d\u0443\u0448\u043a\u0430 \u2014 \u0430\u0443\u0442\u0435\u043d\u0442\u0438\u0447\u043d\u044b\u0439 \u0440\u0443\u0441\u0441\u043a\u0438\u0439 \u0444\u043e\u043b\u044c\u043a\u043b\u043e\u0440 \u0432 \u0431\u043e\u043b\u044c\u0448\u043e\u043c \u0433\u043e\u0440\u043e\u0434\u0435\u00bb<\/strong> \u043a \u0441\u043e\u0436\u0430\u043b\u0435\u043d\u0438\u044e \u0440\u0430\u0441\u043f\u0440\u043e\u0434\u0430\u043d!<\/h4>\n<p><iframe loading=\"lazy\" title=\"POLYNUSHKA bei Usedomer Musikfestival 2012\" width=\"660\" height=\"371\" src=\"https:\/\/www.youtube.com\/embed\/fnLKFwm3Dgo?feature=oembed\" frameborder=\"0\" allow=\"accelerometer; autoplay; clipboard-write; encrypted-media; gyroscope; picture-in-picture\" allowfullscreen><\/iframe><\/p>\n<p><iframe loading=\"lazy\" title=\"Weihnachtskonzert 2021 im Art-Cafe Aviator\" width=\"660\" height=\"371\" src=\"https:\/\/www.youtube.com\/embed\/hRtR284vsxI?feature=oembed\" frameborder=\"0\" allow=\"accelerometer; autoplay; clipboard-write; encrypted-media; gyroscope; picture-in-picture\" allowfullscreen><\/iframe><\/p>\n<p><iframe loading=\"lazy\" title=\"POLYNUSHKA (russische und ukrainische Folklore) &amp; N.Bondar &quot;Weib und Wolf&quot; Trailer Deutsch\" width=\"660\" height=\"371\" src=\"https:\/\/www.youtube.com\/embed\/Xk3XrZlt9gk?feature=oembed\" frameborder=\"0\" allow=\"accelerometer; autoplay; clipboard-write; encrypted-media; gyroscope; picture-in-picture\" allowfullscreen><\/iframe><\/p>","protected":false},"excerpt":{"rendered":"<p>Unsere CD 2015&#8222;In unserer Stra\u00dfe&#8220;\u00a0ist da!Besondere Highlights sind die rituellen Ges\u00e4nge zur Hochzeit, die Fr\u00fchlingsrufe aus der Ukraine und die meisterhaft flie\u00dfenden\u00a0lyrischen Lieder, M\u00e4nnerges\u00e4nge und dezente Instrumentalmusik. Wir haben Einiges \u00fcber Ausdauer, Energie und die Verbindung zur Sonne gelernt, auch das ist auf der CD zu h\u00f6ren. CD &#8222;In unserer Stra\u00dfe&#8220; bestellen Wermutgras, du bitteres [&hellip;]<\/p>","protected":false},"author":2,"featured_media":0,"parent":0,"menu_order":2,"comment_status":"closed","ping_status":"closed","template":"","meta":[],"_links":{"self":[{"href":"http:\/\/polynushka.de\/ru\/wp-json\/wp\/v2\/pages\/8"}],"collection":[{"href":"http:\/\/polynushka.de\/ru\/wp-json\/wp\/v2\/pages"}],"about":[{"href":"http:\/\/polynushka.de\/ru\/wp-json\/wp\/v2\/types\/page"}],"author":[{"embeddable":true,"href":"http:\/\/polynushka.de\/ru\/wp-json\/wp\/v2\/users\/2"}],"replies":[{"embeddable":true,"href":"http:\/\/polynushka.de\/ru\/wp-json\/wp\/v2\/comments?post=8"}],"version-history":[{"count":69,"href":"http:\/\/polynushka.de\/ru\/wp-json\/wp\/v2\/pages\/8\/revisions"}],"predecessor-version":[{"id":2911,"href":"http:\/\/polynushka.de\/ru\/wp-json\/wp\/v2\/pages\/8\/revisions\/2911"}],"wp:attachment":[{"href":"http:\/\/polynushka.de\/ru\/wp-json\/wp\/v2\/media?parent=8"}],"curies":[{"name":"wp","href":"https:\/\/api.w.org\/{rel}","templated":true}]}}