{"id":9,"date":"2014-08-17T21:22:31","date_gmt":"2014-08-17T19:22:31","guid":{"rendered":"http:\/\/polynushka.de\/?page_id=9"},"modified":"2022-10-27T13:43:40","modified_gmt":"2022-10-27T11:43:40","slug":"fuer-veranstalter","status":"publish","type":"page","link":"http:\/\/polynushka.de\/ru\/organizatoram\/","title":{"rendered":"\u041e\u0440\u0433\u0430\u043d\u0438\u0437\u0430\u0442\u043e\u0440\u0430\u043c"},"content":{"rendered":"<ul>\n<li>\u0420\u043e\u0436\u0434\u0435\u0441\u0442\u0432\u043e: \u0421\u0432\u044f\u0442\u043a\u0438, \u0433\u0430\u0434\u0430\u043d\u0438\u044f, \u0445\u043e\u0436\u0434\u0435\u043d\u0438\u0435 \u043f\u043e \u0434\u0435\u0440\u0435\u0432\u043d\u0435, \u0434\u0443\u0445\u043e\u0432\u043d\u044b\u0435 \u0441\u0442\u0438\u0445\u0438, \u0440\u043e\u0436\u0434\u0435\u0441\u0442\u0432\u0435\u043d\u0441\u043a\u0438\u0435 \u0438\u0433\u0440\u044b<\/li>\n<\/ul>\n<p>\u0421\u043a\u0430\u0437\u043e\u0447\u043d\u0430\u044f \u043f\u0440\u043e\u0433\u0440\u0430\u043c\u043c\u0430\u00bb<a title=\"\u041f\u0440\u043e\u0433\u0440\u0430\u043c\u043c\u044b\" href=\"http:\/\/polynushka.de\/ru\/fuer-veranstalter\/weib-und-wolf\/\">\u041f\u0440\u043e\u0433\u0440\u0430\u043c\u043c\u044b<\/a>\u201c \u0441 \u041d\u0430\u0442\u0430\u0448\u0435\u0439 \u0411\u043e\u043d\u0434\u0430\u0440\u044c \u2013 \u0421\u0442\u0430\u0440\u0438\u043d\u043d\u044b\u0435 \u043f\u0435\u0441\u043d\u0438, \u043b\u0435\u0433\u0435\u043d\u0434\u044b \u0438 \u0441\u043a\u0430\u0437\u043a\u0438 \u0440\u0443\u0441\u0441\u043a\u0438\u0445 \u0434\u0435\u0440\u0435\u0432\u0435\u043d\u044c<br \/>\u041e\u043d \u043e\u0440\u0438\u0435\u043d\u0442\u0438\u0440\u043e\u0432\u0430\u043d \u043a\u0430\u043a \u043d\u0430 \u0432\u0437\u0440\u043e\u0441\u043b\u044b\u0445, \u0442\u0430\u043a \u0438 \u043d\u0430 \u0434\u0435\u0442\u0435\u0439 \u0438 \u043c\u043e\u0436\u0435\u0442 \u0431\u044b\u0442\u044c \u0430\u0434\u0430\u043f\u0442\u0438\u0440\u043e\u0432\u0430\u043d \u0434\u043b\u044f \u043b\u044e\u0431\u043e\u0439 \u0430\u0443\u0434\u0438\u0442\u043e\u0440\u0438\u0438. \u041e\u043d\u0430 \u043c\u043e\u0436\u0435\u0442 \u0431\u044b\u0442\u044c \u0438\u0441\u043f\u043e\u043b\u043d\u0435\u043d\u0430 \u043d\u0430 \u043d\u0435\u043c\u0435\u0446\u043a\u043e\u043c \u0438\u043b\u0438 \u0440\u0443\u0441\u0441\u043a\u043e\u043c \u044f\u0437\u044b\u043a\u0435. \u0414\u0440\u0430\u043c\u0430\u0442\u0443\u0440\u0433\u0438\u044f \u0441\u043e\u0437\u0434\u0430\u0435\u0442\u0441\u044f \u0437\u0430\u043d\u043e\u0432\u043e \u0434\u043b\u044f \u043a\u0430\u0436\u0434\u043e\u0439 \u043f\u043b\u043e\u0449\u0430\u0434\u043a\u0438 \u0441\u043f\u0435\u043a\u0442\u0430\u043a\u043b\u044f. \u041a\u043e\u043d\u0442\u0435\u043d\u0442 \u0440\u0430\u0437\u0440\u0430\u0431\u043e\u0442\u0430\u043d \u0441 \u0443\u0447\u0435\u0442\u043e\u043c \u0433\u043e\u0434\u043e\u0432\u043e\u0433\u043e \u0446\u0438\u043a\u043b\u0430, \u043f\u0440\u0430\u0437\u0434\u043d\u0438\u043a\u043e\u0432 \u0438 \u043e\u0431\u044b\u0447\u0430\u0435\u0432. \u0422\u0430\u043a \u0447\u0442\u043e \u043a\u0430\u0436\u0434\u043e\u0435 \u043d\u0430\u0448\u0435 \u0432\u044b\u0441\u0442\u0443\u043f\u043b\u0435\u043d\u0438\u0435 \u0441\u0442\u0430\u043d\u043e\u0432\u0438\u0442\u0441\u044f \u0443\u043d\u0438\u043a\u0430\u043b\u044c\u043d\u044b\u043c \u0441\u043e\u0431\u044b\u0442\u0438\u0435\u043c!<\/p>\n<p><iframe loading=\"lazy\" title=\"POLYNUSHKA (russische und ukrainische Folklore) &amp; N.Bondar &quot;Weib und Wolf&quot; Trailer Deutsch\" width=\"660\" height=\"371\" src=\"https:\/\/www.youtube.com\/embed\/Xk3XrZlt9gk?feature=oembed\" frameborder=\"0\" allow=\"accelerometer; autoplay; clipboard-write; encrypted-media; gyroscope; picture-in-picture\" allowfullscreen><\/iframe><\/p>\n<ul>\n<li>\u041f\u0440\u0438\u0435\u043c \u00ab\u0420\u0443\u0441\u0441\u043a\u0430\u044f \u0432\u0435\u0441\u043d\u0430\u00bb \u0441 \u0442\u0430\u043d\u0446\u043e\u0432\u0449\u0438\u0446\u0435\u0439 \u0438 \u0430\u043a\u0440\u043e\u0431\u0430\u0442\u043e\u043c \u041a\u0440\u0438\u0441\u0442\u0438\u043d\u043e\u0439 \u0412\u0438\u043d\u0446 \u0432 \u0440\u043e\u043b\u0438 \u041c\u0430\u0441\u043b\u0435\u043d\u0438\u0446\u044b<\/li>\n<li>\u041a\u0440\u0443\u0433 \u0436\u0438\u0437\u043d\u0438 \u0438 \u043a\u0440\u0443\u0433 \u0433\u043e\u0434\u0430 - \u0420\u0443\u0441\u0441\u043a\u0438\u0435 \u0436\u0435\u043d\u0449\u0438\u043d\u044b \u0432 \u0442\u0440\u0430\u0434\u0438\u0446\u0438\u044f\u0445<\/li>\n<li>\u041c\u0438\u0441\u0442\u0438\u043a \u0438 \u0440\u0438\u0442\u0443\u0430\u043b\u044b - \u043c\u0435\u0436\u0434\u0443 \u044d\u0442\u0438\u043c \u043c\u0438\u0440\u043e\u043c \u0438 \u043f\u043e\u0442\u0443\u0441\u0442\u043e\u0440\u043e\u043d\u043d\u0438\u043c<\/li>\n<li>\u041f\u0430\u0441\u0445\u0430 - \u0418\u0438\u0441\u0443\u0441 \u0432\u043e\u0441\u043a\u0440\u0435\u0441!<\/li>\n<li>\u0420\u0443\u0441\u0441\u043a\u0430\u044f \u0441\u0432\u0430\u0434\u044c\u0431\u0430<\/li>\n<li>\u0420\u0443\u0441\u0441\u043a\u0430\u044f \u0432\u0435\u0447\u0435\u0440\u0438\u043d\u043a\u0430 \u0441 \u041f\u043e\u043b\u044b\u043d\u0448\u043a\u043e\u0439 \u0438 \u043b\u0443\u0447\u0448\u0438\u043c\u0438 \u0434\u0438\u0434\u0436\u0435\u044f\u043c\u0438 \u0412\u043e\u0441\u0442\u043e\u0447\u043d\u043e\u0439 \u0415\u0432\u0440\u043e\u043f\u044b<\/li>\n<li>\u041f\u0435\u043d\u0438\u0435 \u0434\u043b\u044f \u0434\u0435\u0442\u0435\u0439 \u0438 \u0441 \u0434\u0435\u0442\u044c\u043c\u0438<\/li>\n<li>\u041c\u0430\u0441\u0442\u0435\u0440\u0441\u043a\u0438\u0435<\/li>\n<\/ul>\n<p>\u041c\u044b \u0431\u0443\u0434\u0435\u043c \u0440\u0430\u0434\u044b \u0440\u0430\u0437\u0440\u0430\u0431\u043e\u0442\u0430\u0442\u044c \u0438\u043d\u0434\u0438\u0432\u0438\u0434\u0443\u0430\u043b\u044c\u043d\u0443\u044e \u043f\u0440\u043e\u0433\u0440\u0430\u043c\u043c\u0443 \u0434\u043b\u044f \u0432\u0430\u0448\u0435\u0433\u043e \u043c\u0435\u0440\u043e\u043f\u0440\u0438\u044f\u0442\u0438\u044f, \u043a\u043e\u0442\u043e\u0440\u0430\u044f \u043c\u043e\u0436\u0435\u0442 \u0431\u044b\u0442\u044c \u0441\u0432\u044f\u0437\u0430\u043d\u0430 \u0441 \u0432\u0430\u0448\u0438\u043c\u0438 \u043f\u0440\u043e\u0431\u043b\u0435\u043c\u0430\u043c\u0438 \u0438 \u0432\u0430\u0448\u0438\u043c\u0438 \u0433\u043e\u0441\u0442\u044f\u043c\u0438, \u0430 \u0442\u0430\u043a\u0436\u0435 \u0441 \u0441\u0435\u0437\u043e\u043d\u043e\u043c \u043a\u043e\u043d\u0446\u0435\u0440\u0442\u0430.<\/p>\n<h3>\u0422\u0435\u0445\u043d\u0438\u0447\u0435\u0441\u043a\u0438\u0439 \u0420\u0430\u0439\u0434\u0435\u0440<\/h3>\n<p>\u0412 \u043d\u0435\u0431\u043e\u043b\u044c\u0448\u0438\u0445 \u043f\u043e\u043c\u0435\u0449\u0435\u043d\u0438\u044f\u0445 \u0438\u043b\u0438 \u0441 \u0445\u043e\u0440\u043e\u0448\u0435\u0439 \u0430\u043a\u0443\u0441\u0442\u0438\u043a\u043e\u0439 \u043d\u0430\u043c \u043d\u0440\u0430\u0432\u0438\u0442\u0441\u044f \u043f\u0435\u0442\u044c \u0431\u0435\u0437 \u0443\u0441\u0438\u043b\u0435\u043d\u0438\u044f. \u041a\u043e\u0433\u0434\u0430 \u0442\u0440\u0435\u0431\u0443\u0435\u0442\u0441\u044f \u0443\u0441\u0438\u043b\u0435\u043d\u0438\u0435, \u043d\u0430\u043c \u043d\u0443\u0436\u043d\u044b \u043a\u043e\u043c\u043d\u0430\u0442\u043d\u044b\u0435 \u043c\u0438\u043a\u0440\u043e\u0444\u043e\u043d\u044b. \u041f\u0440\u0438 \u043d\u0435\u043e\u0431\u0445\u043e\u0434\u0438\u043c\u043e\u0441\u0442\u0438 \u0432\u043e\u0437\u043c\u043e\u0436\u043d\u043e \u0443\u0441\u0438\u043b\u0435\u043d\u0438\u0435 \u043d\u0435\u0441\u043a\u043e\u043b\u044c\u043a\u0438\u043c\u0438 \u043d\u0430\u043f\u0440\u0430\u0432\u043b\u0435\u043d\u043d\u044b\u043c\u0438 \u0432\u043e\u043a\u0430\u043b\u044c\u043d\u044b\u043c\u0438 \u043c\u0438\u043a\u0440\u043e\u0444\u043e\u043d\u0430\u043c\u0438.<\/p>\n<ul>\n<li>\u0420\u0430\u0437\u0434\u0435\u0432\u0430\u043b\u043a\u0430, \u0433\u0434\u0435 \u043c\u044b \u043c\u043e\u0436\u0435\u043c \u043d\u0430\u0434\u0435\u0442\u044c \u043d\u0430\u0448\u0438 \u043a\u0440\u0430\u0441\u0438\u0432\u044b\u0435 \u0442\u0440\u0430\u0434\u0438\u0446\u0438\u043e\u043d\u043d\u044b\u0435 \u043a\u043e\u0441\u0442\u044e\u043c\u044b<\/li>\n<li>\u0432\u043e\u0437\u043c\u043e\u0436\u043d\u043e \u043c\u0435\u0441\u0442\u043e \u0434\u043b\u044f \u0442\u0430\u043d\u0446\u0435\u0432<\/li>\n<li>\u0434\u043b\u044f \u0441\u043a\u0430\u0437\u043e\u0447\u043d\u043e\u0439 \u043f\u0440\u043e\u0433\u0440\u0430\u043c\u043c\u044b: \u0434\u0432\u0430 \u043d\u0435\u0431\u043e\u043b\u044c\u0448\u0438\u0445 \u043a\u0440\u0443\u0433\u043b\u044b\u0445 \u0441\u0442\u043e\u043b\u0438\u043a\u0430, \u0434\u0432\u0435 \u0441\u043a\u0430\u043c\u0435\u0439\u043a\u0438, \u0434\u0432\u0430 \u0442\u0430\u0431\u0443\u0440\u0435\u0442\u0430<\/li>\n<\/ul>\n<p><a href=\"http:\/\/polynushka.de\/wp-content\/uploads\/2022\/10\/MG_9698.jpg\"><img decoding=\"async\" loading=\"lazy\" src=\"http:\/\/polynushka.de\/wp-content\/uploads\/2022\/10\/MG_9698.jpg\" alt=\"\" width=\"878\" height=\"588\" \/><\/a><\/p>\n<h3><a href=\"http:\/\/polynushka.de\/ru\/nazhmite\/\">\u041f\u0440\u0435\u0441\u0441\u0430 \u043e \u041f\u043e\u043b\u044b\u043d\u0443\u0448\u043a\u0435<\/a><\/h3>","protected":false},"excerpt":{"rendered":"<p>Weihnachten: Svjatki, Wahrsagen, das Dorf umrunden, geistliche Verse, Weihnachtsspiele Das M\u00e4rchenprogramm \u201eWeib und Wolf\u201c mit Natasha Bondar &#8211; Uralte Lieder, Sagen und M\u00e4rchen aus russischen D\u00f6rfernEs richtet sich zugleich an Erwachsene und Kinder und kann f\u00fcr jedes Publikum angepasst werden. Es ist in deutscher oder russischer Sprache auff\u00fchrbar. Die Dramaturgie wird f\u00fcr jede Auff\u00fchrungsst\u00e4tte neu [&hellip;]<\/p>","protected":false},"author":2,"featured_media":0,"parent":0,"menu_order":3,"comment_status":"closed","ping_status":"closed","template":"","meta":[],"_links":{"self":[{"href":"http:\/\/polynushka.de\/ru\/wp-json\/wp\/v2\/pages\/9"}],"collection":[{"href":"http:\/\/polynushka.de\/ru\/wp-json\/wp\/v2\/pages"}],"about":[{"href":"http:\/\/polynushka.de\/ru\/wp-json\/wp\/v2\/types\/page"}],"author":[{"embeddable":true,"href":"http:\/\/polynushka.de\/ru\/wp-json\/wp\/v2\/users\/2"}],"replies":[{"embeddable":true,"href":"http:\/\/polynushka.de\/ru\/wp-json\/wp\/v2\/comments?post=9"}],"version-history":[{"count":27,"href":"http:\/\/polynushka.de\/ru\/wp-json\/wp\/v2\/pages\/9\/revisions"}],"predecessor-version":[{"id":2466,"href":"http:\/\/polynushka.de\/ru\/wp-json\/wp\/v2\/pages\/9\/revisions\/2466"}],"wp:attachment":[{"href":"http:\/\/polynushka.de\/ru\/wp-json\/wp\/v2\/media?parent=9"}],"curies":[{"name":"wp","href":"https:\/\/api.w.org\/{rel}","templated":true}]}}